{"id":1690,"date":"2023-05-15T09:44:59","date_gmt":"2023-05-15T07:44:59","guid":{"rendered":"https:\/\/skelin-mont.com\/?page_id=1690"},"modified":"2023-06-03T10:30:19","modified_gmt":"2023-06-03T08:30:19","slug":"vrata","status":"publish","type":"page","link":"https:\/\/skelin-mont.com\/de\/proizvodi\/vrata\/","title":{"rendered":"T\u00fcren"},"content":{"rendered":"<div data-elementor-type=\"wp-page\" data-elementor-id=\"1690\" class=\"elementor elementor-1690\" data-elementor-post-type=\"page\">\n\t\t\t\t\t\t<section class=\"elementor-section elementor-top-section elementor-element elementor-element-a026706 elementor-section-height-min-height elementor-section-items-bottom elementor-section-boxed elementor-section-height-default\" data-id=\"a026706\" data-element_type=\"section\" data-e-type=\"section\" data-settings=\"{&quot;background_background&quot;:&quot;classic&quot;}\">\n\t\t\t\t\t\t\t<div class=\"elementor-background-overlay\"><\/div>\n\t\t\t\t\t\t\t<div class=\"elementor-container elementor-column-gap-default\">\n\t\t\t\t\t<div class=\"elementor-column elementor-col-100 elementor-top-column elementor-element elementor-element-9ed921d\" data-id=\"9ed921d\" data-element_type=\"column\" data-e-type=\"column\" data-settings=\"{&quot;background_background&quot;:&quot;classic&quot;}\">\n\t\t\t<div class=\"elementor-widget-wrap elementor-element-populated\">\n\t\t\t\t\t\t<div class=\"elementor-element elementor-element-de0377c elementor-widget elementor-widget-heading\" data-id=\"de0377c\" data-element_type=\"widget\" data-e-type=\"widget\" data-widget_type=\"heading.default\">\n\t\t\t\t<div class=\"elementor-widget-container\">\n\t\t\t\t\t<h1 class=\"elementor-heading-title elementor-size-default\">T\u00fcren<\/h1>\t\t\t\t<\/div>\n\t\t\t\t<\/div>\n\t\t\t\t\t<\/div>\n\t\t<\/div>\n\t\t\t\t\t<\/div>\n\t\t<\/section>\n\t\t<div class=\"elementor-element elementor-element-36ea11e e-flex e-con-boxed e-con e-parent\" data-id=\"36ea11e\" data-element_type=\"container\" data-e-type=\"container\">\n\t\t\t\t\t<div class=\"e-con-inner\">\n\t\t\t\t<div class=\"elementor-element elementor-element-2fbf132 elementor-widget elementor-widget-text-editor\" data-id=\"2fbf132\" data-element_type=\"widget\" data-e-type=\"widget\" data-widget_type=\"text-editor.default\">\n\t\t\t\t<div class=\"elementor-widget-container\">\n\t\t\t\t\t\t\t\t\t<h5>T\u00fcren sind der Spiegel eines jeden Hauses! Neben ihrer \u00e4sthetischen Bedeutung, weil sie einen ersten Eindruck hinterlassen, ist ihre Funktionalit\u00e4t noch wichtiger! W\u00e4hlen Sie eine Qualit\u00e4tst\u00fcr f\u00fcr Ihr Zuhause oder Ihr Unternehmen, die die Kriterien Sicherheit, W\u00e4rmed\u00e4mmung, Isolierung und Langlebigkeit erf\u00fcllt. Skelin Mont bietet eine gro\u00dfe Auswahl an hochwertigen T\u00fcren, Schiebew\u00e4nden und Harmoniew\u00e4nden.<\/h5>\t\t\t\t\t\t\t\t<\/div>\n\t\t\t\t<\/div>\n\t\t\t\t\t<\/div>\n\t\t\t\t<\/div>\n\t\t<div class=\"elementor-element elementor-element-1aecb2b e-flex e-con-boxed e-con e-parent\" data-id=\"1aecb2b\" data-element_type=\"container\" data-e-type=\"container\">\n\t\t\t\t\t<div class=\"e-con-inner\">\n\t\t\t\t<div class=\"elementor-element elementor-element-df11ed3 upk-global-link-yes elementor-widget elementor-widget-upk-elite-grid\" data-id=\"df11ed3\" data-element_type=\"widget\" data-e-type=\"widget\" data-widget_type=\"upk-elite-grid.default\">\n\t\t\t\t<div class=\"elementor-widget-container\">\n\t\t\t\t\t\n\t\t<div class=\"upk-elite-grid upk-ajax-grid\" data-loadmore=\"[]\">\n\t\t\t<div class=\"upk-post-grid upk-ajax-grid-wrap upk-style-1\">\n\n\t\t\t\t\n\t\t\t\t\t\t\t<div onclick=\"window.open(&#039;https:\/\/skelin-mont.com\/de\/pvc-vrata\/&#039;, &#039;_self&#039;)\" class=\"upk-item\">\n\t\t\t<div class=\"upk-item-box\">\n\t\t\t\t<div class=\"upk-image-wrap\">\n\t\t\t\t\t<div class=\"upk-main-image\">\n\t\t\t\t\t\t<img fetchpriority=\"high\" decoding=\"async\" width=\"800\" height=\"550\" src=\"https:\/\/skelin-mont.com\/wp-content\/uploads\/2023\/05\/pvc-vrata-2-800x550-1.jpg\" class=\"upk-img\" alt=\"PVC VRATA\" srcset=\"https:\/\/skelin-mont.com\/wp-content\/uploads\/2023\/05\/pvc-vrata-2-800x550-1.jpg 800w, https:\/\/skelin-mont.com\/wp-content\/uploads\/2023\/05\/pvc-vrata-2-800x550-1-300x206.jpg 300w, https:\/\/skelin-mont.com\/wp-content\/uploads\/2023\/05\/pvc-vrata-2-800x550-1-768x528.jpg 768w, https:\/\/skelin-mont.com\/wp-content\/uploads\/2023\/05\/pvc-vrata-2-800x550-1-18x12.jpg 18w\" sizes=\"(max-width: 800px) 100vw, 800px\" \/>\t\t\t\t\t<\/div>\n\n\t\t\t\t\t\n\t\t\t\t\t\t\t\t\t<\/div>\n\n\t\t\t\t<div class=\"upk-content\">\n\t\t\t\t\t<div>\n\t\t\t\t\t\t<h3 class=\"upk-title\"><a href=\"https:\/\/skelin-mont.com\/de\/pvc-vrata\/\" title=\"PVC-T\u00dcREN\" class=\"title-animation-\" aria-label=\"PVC-T\u00dcREN\">PVC-T\u00dcREN<\/a><\/h3>\t\t\t\t\t\t<div class=\"upk-text-wrap\">\n\t\t\t\t\t\t\t\t\t\t\t\t\t<\/div>\n\n\t\t\t\t\t\t\n\t\t\t\t\t<\/div>\n\t\t\t\t<\/div>\n\n\t\t\t<\/div>\n\t\t<\/div>\n\n\n\t\n\t\t\t\t\n\t\t\t\t\t\t\t<div onclick=\"window.open(&#039;https:\/\/skelin-mont.com\/de\/pvc-klizne-stijenke\/&#039;, &#039;_self&#039;)\" class=\"upk-item\">\n\t\t\t<div class=\"upk-item-box\">\n\t\t\t\t<div class=\"upk-image-wrap\">\n\t\t\t\t\t<div class=\"upk-main-image\">\n\t\t\t\t\t\t<img decoding=\"async\" width=\"650\" height=\"500\" src=\"https:\/\/skelin-mont.com\/wp-content\/uploads\/2023\/05\/pvc-klizne-stijenke-5-650x500-1.jpg\" class=\"upk-img\" alt=\"PVC KLIZNE STIJENKE\" srcset=\"https:\/\/skelin-mont.com\/wp-content\/uploads\/2023\/05\/pvc-klizne-stijenke-5-650x500-1.jpg 650w, https:\/\/skelin-mont.com\/wp-content\/uploads\/2023\/05\/pvc-klizne-stijenke-5-650x500-1-300x231.jpg 300w, https:\/\/skelin-mont.com\/wp-content\/uploads\/2023\/05\/pvc-klizne-stijenke-5-650x500-1-16x12.jpg 16w\" sizes=\"(max-width: 650px) 100vw, 650px\" \/>\t\t\t\t\t<\/div>\n\n\t\t\t\t\t\n\t\t\t\t\t\t\t\t\t<\/div>\n\n\t\t\t\t<div class=\"upk-content\">\n\t\t\t\t\t<div>\n\t\t\t\t\t\t<h3 class=\"upk-title\"><a href=\"https:\/\/skelin-mont.com\/de\/pvc-klizne-stijenke\/\" title=\"PVC-SCHIEBEW\u00c4NDE\" class=\"title-animation-\" aria-label=\"PVC-SCHIEBEW\u00c4NDE\">PVC-SCHIEBEW\u00c4NDE<\/a><\/h3>\t\t\t\t\t\t<div class=\"upk-text-wrap\">\n\t\t\t\t\t\t\t\t\t\t\t\t\t<\/div>\n\n\t\t\t\t\t\t\n\t\t\t\t\t<\/div>\n\t\t\t\t<\/div>\n\n\t\t\t<\/div>\n\t\t<\/div>\n\n\n\t\n\t\t\t\t\n\t\t\t\t\t\t\t<div onclick=\"window.open(&#039;https:\/\/skelin-mont.com\/de\/pvc-harmo-stijenke\/&#039;, &#039;_self&#039;)\" class=\"upk-item\">\n\t\t\t<div class=\"upk-item-box\">\n\t\t\t\t<div class=\"upk-image-wrap\">\n\t\t\t\t\t<div class=\"upk-main-image\">\n\t\t\t\t\t\t<img decoding=\"async\" width=\"600\" height=\"400\" src=\"https:\/\/skelin-mont.com\/wp-content\/uploads\/2023\/05\/PVC-harmo-stijenke_Skelin-01.jpg\" class=\"upk-img\" alt=\"PVC HARMO STIJENKE\" srcset=\"https:\/\/skelin-mont.com\/wp-content\/uploads\/2023\/05\/PVC-harmo-stijenke_Skelin-01.jpg 600w, https:\/\/skelin-mont.com\/wp-content\/uploads\/2023\/05\/PVC-harmo-stijenke_Skelin-01-300x200.jpg 300w, https:\/\/skelin-mont.com\/wp-content\/uploads\/2023\/05\/PVC-harmo-stijenke_Skelin-01-18x12.jpg 18w\" sizes=\"(max-width: 600px) 100vw, 600px\" \/>\t\t\t\t\t<\/div>\n\n\t\t\t\t\t\n\t\t\t\t\t\t\t\t\t<\/div>\n\n\t\t\t\t<div class=\"upk-content\">\n\t\t\t\t\t<div>\n\t\t\t\t\t\t<h3 class=\"upk-title\"><a href=\"https:\/\/skelin-mont.com\/de\/pvc-harmo-stijenke\/\" title=\"PVC-HARMO-W\u00c4NDE\" class=\"title-animation-\" aria-label=\"PVC-HARMO-W\u00c4NDE\">PVC-HARMO-W\u00c4NDE<\/a><\/h3>\t\t\t\t\t\t<div class=\"upk-text-wrap\">\n\t\t\t\t\t\t\t\t\t\t\t\t\t<\/div>\n\n\t\t\t\t\t\t\n\t\t\t\t\t<\/div>\n\t\t\t\t<\/div>\n\n\t\t\t<\/div>\n\t\t<\/div>\n\n\n\t\n\t\t\t\t\n\t\t\t\t\t\t\t<div onclick=\"window.open(&#039;https:\/\/skelin-mont.com\/de\/alu-vrata\/&#039;, &#039;_self&#039;)\" class=\"upk-item\">\n\t\t\t<div class=\"upk-item-box\">\n\t\t\t\t<div class=\"upk-image-wrap\">\n\t\t\t\t\t<div class=\"upk-main-image\">\n\t\t\t\t\t\t<img loading=\"lazy\" decoding=\"async\" width=\"640\" height=\"481\" src=\"https:\/\/skelin-mont.com\/wp-content\/uploads\/2023\/05\/Alu-vrata_Skelin-Mont_01.jpg\" class=\"upk-img\" alt=\"ALU VRATA\" srcset=\"https:\/\/skelin-mont.com\/wp-content\/uploads\/2023\/05\/Alu-vrata_Skelin-Mont_01.jpg 640w, https:\/\/skelin-mont.com\/wp-content\/uploads\/2023\/05\/Alu-vrata_Skelin-Mont_01-300x225.jpg 300w, https:\/\/skelin-mont.com\/wp-content\/uploads\/2023\/05\/Alu-vrata_Skelin-Mont_01-16x12.jpg 16w\" sizes=\"(max-width: 640px) 100vw, 640px\" \/>\t\t\t\t\t<\/div>\n\n\t\t\t\t\t\n\t\t\t\t\t\t\t\t\t<\/div>\n\n\t\t\t\t<div class=\"upk-content\">\n\t\t\t\t\t<div>\n\t\t\t\t\t\t<h3 class=\"upk-title\"><a href=\"https:\/\/skelin-mont.com\/de\/alu-vrata\/\" title=\"ALUMINIUM-T\u00dcREN\" class=\"title-animation-\" aria-label=\"ALUMINIUM-T\u00dcREN\">ALUMINIUM-T\u00dcREN<\/a><\/h3>\t\t\t\t\t\t<div class=\"upk-text-wrap\">\n\t\t\t\t\t\t\t\t\t\t\t\t\t<\/div>\n\n\t\t\t\t\t\t\n\t\t\t\t\t<\/div>\n\t\t\t\t<\/div>\n\n\t\t\t<\/div>\n\t\t<\/div>\n\n\n\t\n\t\t\t\t\n\t\t\t\t\t\t\t<div onclick=\"window.open(&#039;https:\/\/skelin-mont.com\/de\/alu-klizne-stijenke\/&#039;, &#039;_self&#039;)\" class=\"upk-item\">\n\t\t\t<div class=\"upk-item-box\">\n\t\t\t\t<div class=\"upk-image-wrap\">\n\t\t\t\t\t<div class=\"upk-main-image\">\n\t\t\t\t\t\t<img loading=\"lazy\" decoding=\"async\" width=\"900\" height=\"601\" src=\"https:\/\/skelin-mont.com\/wp-content\/uploads\/2023\/05\/aluklizne-stijenke-1.jpg\" class=\"upk-img\" alt=\"ALU KLIZNE STIJENKE\" srcset=\"https:\/\/skelin-mont.com\/wp-content\/uploads\/2023\/05\/aluklizne-stijenke-1.jpg 900w, https:\/\/skelin-mont.com\/wp-content\/uploads\/2023\/05\/aluklizne-stijenke-1-300x200.jpg 300w, https:\/\/skelin-mont.com\/wp-content\/uploads\/2023\/05\/aluklizne-stijenke-1-768x513.jpg 768w, https:\/\/skelin-mont.com\/wp-content\/uploads\/2023\/05\/aluklizne-stijenke-1-18x12.jpg 18w\" sizes=\"(max-width: 900px) 100vw, 900px\" \/>\t\t\t\t\t<\/div>\n\n\t\t\t\t\t\n\t\t\t\t\t\t\t\t\t<\/div>\n\n\t\t\t\t<div class=\"upk-content\">\n\t\t\t\t\t<div>\n\t\t\t\t\t\t<h3 class=\"upk-title\"><a href=\"https:\/\/skelin-mont.com\/de\/alu-klizne-stijenke\/\" title=\"ALU-SCHIEBEW\u00c4NDE\" class=\"title-animation-\" aria-label=\"ALU-SCHIEBEW\u00c4NDE\">ALU-SCHIEBEW\u00c4NDE<\/a><\/h3>\t\t\t\t\t\t<div class=\"upk-text-wrap\">\n\t\t\t\t\t\t\t\t\t\t\t\t\t<\/div>\n\n\t\t\t\t\t\t\n\t\t\t\t\t<\/div>\n\t\t\t\t<\/div>\n\n\t\t\t<\/div>\n\t\t<\/div>\n\n\n\t\n\t\t\t\t\n\t\t\t\t\t\t\t<div onclick=\"window.open(&#039;https:\/\/skelin-mont.com\/de\/alu-harmo-stijenke\/&#039;, &#039;_self&#039;)\" class=\"upk-item\">\n\t\t\t<div class=\"upk-item-box\">\n\t\t\t\t<div class=\"upk-image-wrap\">\n\t\t\t\t\t<div class=\"upk-main-image\">\n\t\t\t\t\t\t<img loading=\"lazy\" decoding=\"async\" width=\"600\" height=\"450\" src=\"https:\/\/skelin-mont.com\/wp-content\/uploads\/2023\/05\/ALU-HARMO-STIJENKE-01.jpg\" class=\"upk-img\" alt=\"ALU HARMO STIJENKE\" srcset=\"https:\/\/skelin-mont.com\/wp-content\/uploads\/2023\/05\/ALU-HARMO-STIJENKE-01.jpg 600w, https:\/\/skelin-mont.com\/wp-content\/uploads\/2023\/05\/ALU-HARMO-STIJENKE-01-300x225.jpg 300w, https:\/\/skelin-mont.com\/wp-content\/uploads\/2023\/05\/ALU-HARMO-STIJENKE-01-16x12.jpg 16w\" sizes=\"(max-width: 600px) 100vw, 600px\" \/>\t\t\t\t\t<\/div>\n\n\t\t\t\t\t\n\t\t\t\t\t\t\t\t\t<\/div>\n\n\t\t\t\t<div class=\"upk-content\">\n\t\t\t\t\t<div>\n\t\t\t\t\t\t<h3 class=\"upk-title\"><a href=\"https:\/\/skelin-mont.com\/de\/alu-harmo-stijenke\/\" title=\"ALU-HARMO-W\u00c4NDE\" class=\"title-animation-\" aria-label=\"ALU-HARMO-W\u00c4NDE\">ALU-HARMO-W\u00c4NDE<\/a><\/h3>\t\t\t\t\t\t<div class=\"upk-text-wrap\">\n\t\t\t\t\t\t\t\t\t\t\t\t\t<\/div>\n\n\t\t\t\t\t\t\n\t\t\t\t\t<\/div>\n\t\t\t\t<\/div>\n\n\t\t\t<\/div>\n\t\t<\/div>\n\n\n\t\n\t\t\t\t\t\t\t<\/div>\n\t\t<\/div>\n\n\t\t\n\t\t\t\t\t\t<\/div>\n\t\t\t\t<\/div>\n\t\t\t\t\t<\/div>\n\t\t\t\t<\/div>\n\t\t\t\t<\/div>","protected":false},"excerpt":{"rendered":"<p>Vrata su ogledalo svakog doma! Osim \u0161to su estetski bitna,jer ostavljaju prvi dojam jo\u0161 je va\u017enija njihova funkcionalnost! Za svoj dom ili poslovni objekt birajte kvalitetna vrata koja \u0107e udovoljiti sigurnosnim, toplinskim, izolacijskim i kriterijima u pogledu dugotrajnosti. Skelin Mont u svojoj ponudi ima \u0161iroku plaetu kvalitetnih vrata, kliznih stijenki i harmo stijenki. PVC VRATA [&hellip;]<\/p>\n","protected":false},"author":1,"featured_media":0,"parent":1101,"menu_order":0,"comment_status":"closed","ping_status":"closed","template":"","meta":{"site-sidebar-layout":"no-sidebar","site-content-layout":"page-builder","ast-site-content-layout":"default","site-content-style":"default","site-sidebar-style":"default","ast-global-header-display":"","ast-banner-title-visibility":"","ast-main-header-display":"","ast-hfb-above-header-display":"","ast-hfb-below-header-display":"","ast-hfb-mobile-header-display":"","site-post-title":"disabled","ast-breadcrumbs-content":"","ast-featured-img":"disabled","footer-sml-layout":"","ast-disable-related-posts":"","theme-transparent-header-meta":"","adv-header-id-meta":"","stick-header-meta":"","header-above-stick-meta":"","header-main-stick-meta":"","header-below-stick-meta":"","astra-migrate-meta-layouts":"default","ast-page-background-enabled":"default","ast-page-background-meta":{"desktop":{"background-color":"var(--ast-global-color-4)","background-image":"","background-repeat":"repeat","background-position":"center center","background-size":"auto","background-attachment":"scroll","background-type":"","background-media":"","overlay-type":"","overlay-color":"","overlay-opacity":"","overlay-gradient":""},"tablet":{"background-color":"","background-image":"","background-repeat":"repeat","background-position":"center center","background-size":"auto","background-attachment":"scroll","background-type":"","background-media":"","overlay-type":"","overlay-color":"","overlay-opacity":"","overlay-gradient":""},"mobile":{"background-color":"","background-image":"","background-repeat":"repeat","background-position":"center center","background-size":"auto","background-attachment":"scroll","background-type":"","background-media":"","overlay-type":"","overlay-color":"","overlay-opacity":"","overlay-gradient":""}},"ast-content-background-meta":{"desktop":{"background-color":"var(--ast-global-color-5)","background-image":"","background-repeat":"repeat","background-position":"center center","background-size":"auto","background-attachment":"scroll","background-type":"","background-media":"","overlay-type":"","overlay-color":"","overlay-opacity":"","overlay-gradient":""},"tablet":{"background-color":"var(--ast-global-color-5)","background-image":"","background-repeat":"repeat","background-position":"center center","background-size":"auto","background-attachment":"scroll","background-type":"","background-media":"","overlay-type":"","overlay-color":"","overlay-opacity":"","overlay-gradient":""},"mobile":{"background-color":"var(--ast-global-color-5)","background-image":"","background-repeat":"repeat","background-position":"center center","background-size":"auto","background-attachment":"scroll","background-type":"","background-media":"","overlay-type":"","overlay-color":"","overlay-opacity":"","overlay-gradient":""}},"footnotes":""},"class_list":["post-1690","page","type-page","status-publish","hentry"],"yoast_head":"<!-- This site is optimized with the Yoast SEO plugin v27.0 - https:\/\/yoast.com\/product\/yoast-seo-wordpress\/ -->\n<title>Vrata - SkelinMont<\/title>\n<meta name=\"robots\" content=\"index, follow, max-snippet:-1, max-image-preview:large, max-video-preview:-1\" \/>\n<link rel=\"canonical\" href=\"https:\/\/skelin-mont.com\/de\/proizvodi\/vrata\/\" \/>\n<meta property=\"og:locale\" content=\"de_DE\" \/>\n<meta property=\"og:type\" content=\"article\" \/>\n<meta property=\"og:title\" content=\"Vrata - SkelinMont\" \/>\n<meta property=\"og:description\" content=\"Vrata su ogledalo svakog doma! Osim \u0161to su estetski bitna,jer ostavljaju prvi dojam jo\u0161 je va\u017enija njihova funkcionalnost! Za svoj dom ili poslovni objekt birajte kvalitetna vrata koja \u0107e udovoljiti sigurnosnim, toplinskim, izolacijskim i kriterijima u pogledu dugotrajnosti. Skelin Mont u svojoj ponudi ima \u0161iroku plaetu kvalitetnih vrata, kliznih stijenki i harmo stijenki. PVC VRATA [&hellip;]\" \/>\n<meta property=\"og:url\" content=\"https:\/\/skelin-mont.com\/de\/proizvodi\/vrata\/\" \/>\n<meta property=\"og:site_name\" content=\"SkelinMont\" \/>\n<meta property=\"article:publisher\" content=\"https:\/\/www.facebook.com\/skelinmont\/\" \/>\n<meta property=\"article:modified_time\" content=\"2023-06-03T08:30:19+00:00\" \/>\n<meta property=\"og:image\" content=\"https:\/\/skelin-mont.com\/wp-content\/uploads\/2023\/05\/pvc-vrata-2-800x550-1.jpg\" \/>\n<meta name=\"twitter:card\" content=\"summary_large_image\" \/>\n<meta name=\"twitter:label1\" content=\"Gesch\u00e4tzte Lesezeit\" \/>\n\t<meta name=\"twitter:data1\" content=\"2\u00a0Minuten\" \/>\n<script type=\"application\/ld+json\" class=\"yoast-schema-graph\">{\"@context\":\"https:\/\/schema.org\",\"@graph\":[{\"@type\":\"WebPage\",\"@id\":\"https:\/\/skelin-mont.com\/proizvodi\/vrata\/\",\"url\":\"https:\/\/skelin-mont.com\/proizvodi\/vrata\/\",\"name\":\"Vrata - SkelinMont\",\"isPartOf\":{\"@id\":\"https:\/\/skelin-mont.com\/#website\"},\"primaryImageOfPage\":{\"@id\":\"https:\/\/skelin-mont.com\/proizvodi\/vrata\/#primaryimage\"},\"image\":{\"@id\":\"https:\/\/skelin-mont.com\/proizvodi\/vrata\/#primaryimage\"},\"thumbnailUrl\":\"https:\/\/skelin-mont.com\/wp-content\/uploads\/2023\/05\/pvc-vrata-2-800x550-1.jpg\",\"datePublished\":\"2023-05-15T07:44:59+00:00\",\"dateModified\":\"2023-06-03T08:30:19+00:00\",\"breadcrumb\":{\"@id\":\"https:\/\/skelin-mont.com\/proizvodi\/vrata\/#breadcrumb\"},\"inLanguage\":\"de\",\"potentialAction\":[{\"@type\":\"ReadAction\",\"target\":[\"https:\/\/skelin-mont.com\/proizvodi\/vrata\/\"]}]},{\"@type\":\"ImageObject\",\"inLanguage\":\"de\",\"@id\":\"https:\/\/skelin-mont.com\/proizvodi\/vrata\/#primaryimage\",\"url\":\"https:\/\/skelin-mont.com\/wp-content\/uploads\/2023\/05\/pvc-vrata-2-800x550-1.jpg\",\"contentUrl\":\"https:\/\/skelin-mont.com\/wp-content\/uploads\/2023\/05\/pvc-vrata-2-800x550-1.jpg\"},{\"@type\":\"BreadcrumbList\",\"@id\":\"https:\/\/skelin-mont.com\/proizvodi\/vrata\/#breadcrumb\",\"itemListElement\":[{\"@type\":\"ListItem\",\"position\":1,\"name\":\"Po\u010detna stranica\",\"item\":\"https:\/\/skelin-mont.com\/\"},{\"@type\":\"ListItem\",\"position\":2,\"name\":\"Proizvodi\",\"item\":\"https:\/\/skelin-mont.com\/proizvodi\/\"},{\"@type\":\"ListItem\",\"position\":3,\"name\":\"Vrata\"}]},{\"@type\":\"WebSite\",\"@id\":\"https:\/\/skelin-mont.com\/#website\",\"url\":\"https:\/\/skelin-mont.com\/\",\"name\":\"SkelinMont\",\"description\":\"\",\"publisher\":{\"@id\":\"https:\/\/skelin-mont.com\/#organization\"},\"potentialAction\":[{\"@type\":\"SearchAction\",\"target\":{\"@type\":\"EntryPoint\",\"urlTemplate\":\"https:\/\/skelin-mont.com\/?s={search_term_string}\"},\"query-input\":{\"@type\":\"PropertyValueSpecification\",\"valueRequired\":true,\"valueName\":\"search_term_string\"}}],\"inLanguage\":\"de\"},{\"@type\":\"Organization\",\"@id\":\"https:\/\/skelin-mont.com\/#organization\",\"name\":\"Skelin Mont\",\"url\":\"https:\/\/skelin-mont.com\/\",\"logo\":{\"@type\":\"ImageObject\",\"inLanguage\":\"de\",\"@id\":\"https:\/\/skelin-mont.com\/#\/schema\/logo\/image\/\",\"url\":\"https:\/\/skelin-mont.com\/wp-content\/uploads\/2023\/03\/SkelinMont.png\",\"contentUrl\":\"https:\/\/skelin-mont.com\/wp-content\/uploads\/2023\/03\/SkelinMont.png\",\"width\":300,\"height\":79,\"caption\":\"Skelin Mont\"},\"image\":{\"@id\":\"https:\/\/skelin-mont.com\/#\/schema\/logo\/image\/\"},\"sameAs\":[\"https:\/\/www.facebook.com\/skelinmont\/\",\"https:\/\/www.instagram.com\/skelinmont\/\",\"https:\/\/www.linkedin.com\/company\/skelin-mont\/\"]}]}<\/script>\n<!-- \/ Yoast SEO plugin. -->","yoast_head_json":{"title":"Vrata - SkelinMont","robots":{"index":"index","follow":"follow","max-snippet":"max-snippet:-1","max-image-preview":"max-image-preview:large","max-video-preview":"max-video-preview:-1"},"canonical":"https:\/\/skelin-mont.com\/de\/proizvodi\/vrata\/","og_locale":"de_DE","og_type":"article","og_title":"Vrata - SkelinMont","og_description":"Vrata su ogledalo svakog doma! Osim \u0161to su estetski bitna,jer ostavljaju prvi dojam jo\u0161 je va\u017enija njihova funkcionalnost! Za svoj dom ili poslovni objekt birajte kvalitetna vrata koja \u0107e udovoljiti sigurnosnim, toplinskim, izolacijskim i kriterijima u pogledu dugotrajnosti. Skelin Mont u svojoj ponudi ima \u0161iroku plaetu kvalitetnih vrata, kliznih stijenki i harmo stijenki. PVC VRATA [&hellip;]","og_url":"https:\/\/skelin-mont.com\/de\/proizvodi\/vrata\/","og_site_name":"SkelinMont","article_publisher":"https:\/\/www.facebook.com\/skelinmont\/","article_modified_time":"2023-06-03T08:30:19+00:00","og_image":[{"url":"https:\/\/skelin-mont.com\/wp-content\/uploads\/2023\/05\/pvc-vrata-2-800x550-1.jpg","type":"","width":"","height":""}],"twitter_card":"summary_large_image","twitter_misc":{"Gesch\u00e4tzte Lesezeit":"2\u00a0Minuten"},"schema":{"@context":"https:\/\/schema.org","@graph":[{"@type":"WebPage","@id":"https:\/\/skelin-mont.com\/proizvodi\/vrata\/","url":"https:\/\/skelin-mont.com\/proizvodi\/vrata\/","name":"Vrata - SkelinMont","isPartOf":{"@id":"https:\/\/skelin-mont.com\/#website"},"primaryImageOfPage":{"@id":"https:\/\/skelin-mont.com\/proizvodi\/vrata\/#primaryimage"},"image":{"@id":"https:\/\/skelin-mont.com\/proizvodi\/vrata\/#primaryimage"},"thumbnailUrl":"https:\/\/skelin-mont.com\/wp-content\/uploads\/2023\/05\/pvc-vrata-2-800x550-1.jpg","datePublished":"2023-05-15T07:44:59+00:00","dateModified":"2023-06-03T08:30:19+00:00","breadcrumb":{"@id":"https:\/\/skelin-mont.com\/proizvodi\/vrata\/#breadcrumb"},"inLanguage":"de","potentialAction":[{"@type":"ReadAction","target":["https:\/\/skelin-mont.com\/proizvodi\/vrata\/"]}]},{"@type":"ImageObject","inLanguage":"de","@id":"https:\/\/skelin-mont.com\/proizvodi\/vrata\/#primaryimage","url":"https:\/\/skelin-mont.com\/wp-content\/uploads\/2023\/05\/pvc-vrata-2-800x550-1.jpg","contentUrl":"https:\/\/skelin-mont.com\/wp-content\/uploads\/2023\/05\/pvc-vrata-2-800x550-1.jpg"},{"@type":"BreadcrumbList","@id":"https:\/\/skelin-mont.com\/proizvodi\/vrata\/#breadcrumb","itemListElement":[{"@type":"ListItem","position":1,"name":"Po\u010detna stranica","item":"https:\/\/skelin-mont.com\/"},{"@type":"ListItem","position":2,"name":"Proizvodi","item":"https:\/\/skelin-mont.com\/proizvodi\/"},{"@type":"ListItem","position":3,"name":"Vrata"}]},{"@type":"WebSite","@id":"https:\/\/skelin-mont.com\/#website","url":"https:\/\/skelin-mont.com\/","name":"SkelinMont","description":"","publisher":{"@id":"https:\/\/skelin-mont.com\/#organization"},"potentialAction":[{"@type":"SearchAction","target":{"@type":"EntryPoint","urlTemplate":"https:\/\/skelin-mont.com\/?s={search_term_string}"},"query-input":{"@type":"PropertyValueSpecification","valueRequired":true,"valueName":"search_term_string"}}],"inLanguage":"de"},{"@type":"Organization","@id":"https:\/\/skelin-mont.com\/#organization","name":"Skelin Mont","url":"https:\/\/skelin-mont.com\/","logo":{"@type":"ImageObject","inLanguage":"de","@id":"https:\/\/skelin-mont.com\/#\/schema\/logo\/image\/","url":"https:\/\/skelin-mont.com\/wp-content\/uploads\/2023\/03\/SkelinMont.png","contentUrl":"https:\/\/skelin-mont.com\/wp-content\/uploads\/2023\/03\/SkelinMont.png","width":300,"height":79,"caption":"Skelin Mont"},"image":{"@id":"https:\/\/skelin-mont.com\/#\/schema\/logo\/image\/"},"sameAs":["https:\/\/www.facebook.com\/skelinmont\/","https:\/\/www.instagram.com\/skelinmont\/","https:\/\/www.linkedin.com\/company\/skelin-mont\/"]}]}},"_links":{"self":[{"href":"https:\/\/skelin-mont.com\/de\/wp-json\/wp\/v2\/pages\/1690","targetHints":{"allow":["GET"]}}],"collection":[{"href":"https:\/\/skelin-mont.com\/de\/wp-json\/wp\/v2\/pages"}],"about":[{"href":"https:\/\/skelin-mont.com\/de\/wp-json\/wp\/v2\/types\/page"}],"author":[{"embeddable":true,"href":"https:\/\/skelin-mont.com\/de\/wp-json\/wp\/v2\/users\/1"}],"replies":[{"embeddable":true,"href":"https:\/\/skelin-mont.com\/de\/wp-json\/wp\/v2\/comments?post=1690"}],"version-history":[{"count":19,"href":"https:\/\/skelin-mont.com\/de\/wp-json\/wp\/v2\/pages\/1690\/revisions"}],"predecessor-version":[{"id":2374,"href":"https:\/\/skelin-mont.com\/de\/wp-json\/wp\/v2\/pages\/1690\/revisions\/2374"}],"up":[{"embeddable":true,"href":"https:\/\/skelin-mont.com\/de\/wp-json\/wp\/v2\/pages\/1101"}],"wp:attachment":[{"href":"https:\/\/skelin-mont.com\/de\/wp-json\/wp\/v2\/media?parent=1690"}],"curies":[{"name":"wp","href":"https:\/\/api.w.org\/{rel}","templated":true}]}}