{"id":1618,"date":"2023-05-11T13:05:11","date_gmt":"2023-05-11T11:05:11","guid":{"rendered":"https:\/\/skelin-mont.com\/?page_id=1618"},"modified":"2023-06-02T09:11:04","modified_gmt":"2023-06-02T07:11:04","slug":"prozori","status":"publish","type":"page","link":"https:\/\/skelin-mont.com\/en\/proizvodi\/prozori\/","title":{"rendered":"Window"},"content":{"rendered":"<div data-elementor-type=\"wp-page\" data-elementor-id=\"1618\" class=\"elementor elementor-1618\" data-elementor-post-type=\"page\">\n\t\t\t\t\t\t<section class=\"elementor-section elementor-top-section elementor-element elementor-element-a026706 elementor-section-height-min-height elementor-section-items-bottom elementor-section-boxed elementor-section-height-default\" data-id=\"a026706\" data-element_type=\"section\" data-e-type=\"section\" data-settings=\"{&quot;background_background&quot;:&quot;classic&quot;}\">\n\t\t\t\t\t\t\t<div class=\"elementor-background-overlay\"><\/div>\n\t\t\t\t\t\t\t<div class=\"elementor-container elementor-column-gap-default\">\n\t\t\t\t\t<div class=\"elementor-column elementor-col-100 elementor-top-column elementor-element elementor-element-9ed921d\" data-id=\"9ed921d\" data-element_type=\"column\" data-e-type=\"column\" data-settings=\"{&quot;background_background&quot;:&quot;classic&quot;}\">\n\t\t\t<div class=\"elementor-widget-wrap elementor-element-populated\">\n\t\t\t\t\t\t<div class=\"elementor-element elementor-element-de0377c elementor-widget elementor-widget-heading\" data-id=\"de0377c\" data-element_type=\"widget\" data-e-type=\"widget\" data-widget_type=\"heading.default\">\n\t\t\t\t<div class=\"elementor-widget-container\">\n\t\t\t\t\t<h1 class=\"elementor-heading-title elementor-size-default\">Window<\/h1>\t\t\t\t<\/div>\n\t\t\t\t<\/div>\n\t\t\t\t\t<\/div>\n\t\t<\/div>\n\t\t\t\t\t<\/div>\n\t\t<\/section>\n\t\t<div class=\"elementor-element elementor-element-36ea11e e-flex e-con-boxed e-con e-parent\" data-id=\"36ea11e\" data-element_type=\"container\" data-e-type=\"container\">\n\t\t\t\t\t<div class=\"e-con-inner\">\n\t\t\t\t<div class=\"elementor-element elementor-element-2fbf132 elementor-widget elementor-widget-text-editor\" data-id=\"2fbf132\" data-element_type=\"widget\" data-e-type=\"widget\" data-widget_type=\"text-editor.default\">\n\t\t\t\t<div class=\"elementor-widget-container\">\n\t\t\t\t\t\t\t\t\t<h5>Choose quality carpentry with safe assembly. Choose windows according to your measurements and according to the requirements of your facility! Skelin Mont produces quality ALU and PVC windows that will meet all the functional, technical and aesthetic criteria of your project. Choose quality that lasts for your projects.<\/h5>\t\t\t\t\t\t\t\t<\/div>\n\t\t\t\t<\/div>\n\t\t\t\t\t<\/div>\n\t\t\t\t<\/div>\n\t\t<div class=\"elementor-element elementor-element-d5b3a7f e-flex e-con-boxed e-con e-parent\" data-id=\"d5b3a7f\" data-element_type=\"container\" data-e-type=\"container\">\n\t\t\t\t\t<div class=\"e-con-inner\">\n\t\t\t\t<div class=\"elementor-element elementor-element-c1ac32d upk-global-link-yes elementor-widget elementor-widget-upk-elite-grid\" data-id=\"c1ac32d\" data-element_type=\"widget\" data-e-type=\"widget\" data-widget_type=\"upk-elite-grid.default\">\n\t\t\t\t<div class=\"elementor-widget-container\">\n\t\t\t\t\t\n\t\t<div class=\"upk-elite-grid upk-ajax-grid\" data-loadmore=\"[]\">\n\t\t\t<div class=\"upk-post-grid upk-ajax-grid-wrap upk-style-1\">\n\n\t\t\t\t\n\t\t\t\t\t\t\t<div onclick=\"window.open(&#039;https:\/\/skelin-mont.com\/en\/alu-prozori\/&#039;, &#039;_self&#039;)\" class=\"upk-item\">\n\t\t\t<div class=\"upk-item-box\">\n\t\t\t\t<div class=\"upk-image-wrap\">\n\t\t\t\t\t<div class=\"upk-main-image\">\n\t\t\t\t\t\t<img fetchpriority=\"high\" decoding=\"async\" width=\"800\" height=\"600\" src=\"https:\/\/skelin-mont.com\/wp-content\/uploads\/2023\/05\/ALU.png\" class=\"upk-img\" alt=\"ALU PROZORI\" srcset=\"https:\/\/skelin-mont.com\/wp-content\/uploads\/2023\/05\/ALU.png 800w, https:\/\/skelin-mont.com\/wp-content\/uploads\/2023\/05\/ALU-300x225.png 300w, https:\/\/skelin-mont.com\/wp-content\/uploads\/2023\/05\/ALU-768x576.png 768w, https:\/\/skelin-mont.com\/wp-content\/uploads\/2023\/05\/ALU-16x12.png 16w\" sizes=\"(max-width: 800px) 100vw, 800px\" \/>\t\t\t\t\t<\/div>\n\n\t\t\t\t\t\n\t\t\t\t\t\t\t\t\t<\/div>\n\n\t\t\t\t<div class=\"upk-content\">\n\t\t\t\t\t<div>\n\t\t\t\t\t\t<h3 class=\"upk-title\"><a href=\"https:\/\/skelin-mont.com\/en\/alu-prozori\/\" title=\"ALU WINDOWS\" class=\"title-animation-\" aria-label=\"ALU WINDOWS\">ALU WINDOWS<\/a><\/h3>\t\t\t\t\t\t<div class=\"upk-text-wrap\">\n\t\t\t\t\t\t\t\t\t\t\t\t\t<\/div>\n\n\t\t\t\t\t\t\n\t\t\t\t\t<\/div>\n\t\t\t\t<\/div>\n\n\t\t\t<\/div>\n\t\t<\/div>\n\n\n\t\n\t\t\t\t\n\t\t\t\t\t\t\t<div onclick=\"window.open(&#039;https:\/\/skelin-mont.com\/en\/pvc-prozori\/&#039;, &#039;_self&#039;)\" class=\"upk-item\">\n\t\t\t<div class=\"upk-item-box\">\n\t\t\t\t<div class=\"upk-image-wrap\">\n\t\t\t\t\t<div class=\"upk-main-image\">\n\t\t\t\t\t\t<img decoding=\"async\" width=\"800\" height=\"600\" src=\"https:\/\/skelin-mont.com\/wp-content\/uploads\/2023\/05\/PVC.png\" class=\"upk-img\" alt=\"PVC PROZORI\" srcset=\"https:\/\/skelin-mont.com\/wp-content\/uploads\/2023\/05\/PVC.png 800w, https:\/\/skelin-mont.com\/wp-content\/uploads\/2023\/05\/PVC-300x225.png 300w, https:\/\/skelin-mont.com\/wp-content\/uploads\/2023\/05\/PVC-768x576.png 768w, https:\/\/skelin-mont.com\/wp-content\/uploads\/2023\/05\/PVC-16x12.png 16w\" sizes=\"(max-width: 800px) 100vw, 800px\" \/>\t\t\t\t\t<\/div>\n\n\t\t\t\t\t\n\t\t\t\t\t\t\t\t\t<\/div>\n\n\t\t\t\t<div class=\"upk-content\">\n\t\t\t\t\t<div>\n\t\t\t\t\t\t<h3 class=\"upk-title\"><a href=\"https:\/\/skelin-mont.com\/en\/pvc-prozori\/\" title=\"PVC WINDOWS\" class=\"title-animation-\" aria-label=\"PVC WINDOWS\">PVC WINDOWS<\/a><\/h3>\t\t\t\t\t\t<div class=\"upk-text-wrap\">\n\t\t\t\t\t\t\t\t\t\t\t\t\t<\/div>\n\n\t\t\t\t\t\t\n\t\t\t\t\t<\/div>\n\t\t\t\t<\/div>\n\n\t\t\t<\/div>\n\t\t<\/div>\n\n\n\t\n\t\t\t\t\t\t\t<\/div>\n\t\t<\/div>\n\n\t\t\n\t\t\t\t\t\t<\/div>\n\t\t\t\t<\/div>\n\t\t\t\t\t<\/div>\n\t\t\t\t<\/div>\n\t\t\t\t<\/div>","protected":false},"excerpt":{"rendered":"<p>Odaberite kvalitetnu stolariju uz sigurnu monta\u017eu. Birajte prozore po svojoj mjeri i prema zahtjevima svog objekta! Skelin Mont proizvodi kvalitetne ALU i PVC prozore koji \u0107e udovoljiti svim funkcionalnim, tehni\u010dkim i estetskim kriterijima va\u0161eg projekta. Za svoje projekte birajte kvalitetu koja traje. ALU PROZORI PVC PROZORI<\/p>","protected":false},"author":1,"featured_media":0,"parent":1101,"menu_order":0,"comment_status":"closed","ping_status":"closed","template":"","meta":{"site-sidebar-layout":"no-sidebar","site-content-layout":"page-builder","ast-site-content-layout":"default","site-content-style":"default","site-sidebar-style":"default","ast-global-header-display":"","ast-banner-title-visibility":"","ast-main-header-display":"","ast-hfb-above-header-display":"","ast-hfb-below-header-display":"","ast-hfb-mobile-header-display":"","site-post-title":"disabled","ast-breadcrumbs-content":"","ast-featured-img":"disabled","footer-sml-layout":"","ast-disable-related-posts":"","theme-transparent-header-meta":"","adv-header-id-meta":"","stick-header-meta":"","header-above-stick-meta":"","header-main-stick-meta":"","header-below-stick-meta":"","astra-migrate-meta-layouts":"default","ast-page-background-enabled":"default","ast-page-background-meta":{"desktop":{"background-color":"var(--ast-global-color-4)","background-image":"","background-repeat":"repeat","background-position":"center center","background-size":"auto","background-attachment":"scroll","background-type":"","background-media":"","overlay-type":"","overlay-color":"","overlay-opacity":"","overlay-gradient":""},"tablet":{"background-color":"","background-image":"","background-repeat":"repeat","background-position":"center center","background-size":"auto","background-attachment":"scroll","background-type":"","background-media":"","overlay-type":"","overlay-color":"","overlay-opacity":"","overlay-gradient":""},"mobile":{"background-color":"","background-image":"","background-repeat":"repeat","background-position":"center center","background-size":"auto","background-attachment":"scroll","background-type":"","background-media":"","overlay-type":"","overlay-color":"","overlay-opacity":"","overlay-gradient":""}},"ast-content-background-meta":{"desktop":{"background-color":"var(--ast-global-color-5)","background-image":"","background-repeat":"repeat","background-position":"center center","background-size":"auto","background-attachment":"scroll","background-type":"","background-media":"","overlay-type":"","overlay-color":"","overlay-opacity":"","overlay-gradient":""},"tablet":{"background-color":"var(--ast-global-color-5)","background-image":"","background-repeat":"repeat","background-position":"center center","background-size":"auto","background-attachment":"scroll","background-type":"","background-media":"","overlay-type":"","overlay-color":"","overlay-opacity":"","overlay-gradient":""},"mobile":{"background-color":"var(--ast-global-color-5)","background-image":"","background-repeat":"repeat","background-position":"center center","background-size":"auto","background-attachment":"scroll","background-type":"","background-media":"","overlay-type":"","overlay-color":"","overlay-opacity":"","overlay-gradient":""}},"footnotes":""},"class_list":["post-1618","page","type-page","status-publish","hentry"],"yoast_head":"<!-- This site is optimized with the Yoast SEO plugin v27.0 - https:\/\/yoast.com\/product\/yoast-seo-wordpress\/ -->\n<title>Prozori - SkelinMont<\/title>\n<meta name=\"robots\" content=\"index, follow, max-snippet:-1, max-image-preview:large, max-video-preview:-1\" \/>\n<link rel=\"canonical\" href=\"https:\/\/skelin-mont.com\/en\/proizvodi\/prozori\/\" \/>\n<meta property=\"og:locale\" content=\"en_US\" \/>\n<meta property=\"og:type\" content=\"article\" \/>\n<meta property=\"og:title\" content=\"Prozori - SkelinMont\" \/>\n<meta property=\"og:description\" content=\"Odaberite kvalitetnu stolariju uz sigurnu monta\u017eu. Birajte prozore po svojoj mjeri i prema zahtjevima svog objekta! Skelin Mont proizvodi kvalitetne ALU i PVC prozore koji \u0107e udovoljiti svim funkcionalnim, tehni\u010dkim i estetskim kriterijima va\u0161eg projekta. Za svoje projekte birajte kvalitetu koja traje. ALU PROZORI PVC PROZORI\" \/>\n<meta property=\"og:url\" content=\"https:\/\/skelin-mont.com\/en\/proizvodi\/prozori\/\" \/>\n<meta property=\"og:site_name\" content=\"SkelinMont\" \/>\n<meta property=\"article:publisher\" content=\"https:\/\/www.facebook.com\/skelinmont\/\" \/>\n<meta property=\"article:modified_time\" content=\"2023-06-02T07:11:04+00:00\" \/>\n<meta property=\"og:image\" content=\"https:\/\/skelin-mont.com\/wp-content\/uploads\/2023\/05\/ALU.png\" \/>\n<meta name=\"twitter:card\" content=\"summary_large_image\" \/>\n<meta name=\"twitter:label1\" content=\"Est. reading time\" \/>\n\t<meta name=\"twitter:data1\" content=\"1 minute\" \/>\n<script type=\"application\/ld+json\" class=\"yoast-schema-graph\">{\"@context\":\"https:\/\/schema.org\",\"@graph\":[{\"@type\":\"WebPage\",\"@id\":\"https:\/\/skelin-mont.com\/proizvodi\/prozori\/\",\"url\":\"https:\/\/skelin-mont.com\/proizvodi\/prozori\/\",\"name\":\"Prozori - SkelinMont\",\"isPartOf\":{\"@id\":\"https:\/\/skelin-mont.com\/#website\"},\"primaryImageOfPage\":{\"@id\":\"https:\/\/skelin-mont.com\/proizvodi\/prozori\/#primaryimage\"},\"image\":{\"@id\":\"https:\/\/skelin-mont.com\/proizvodi\/prozori\/#primaryimage\"},\"thumbnailUrl\":\"https:\/\/skelin-mont.com\/wp-content\/uploads\/2023\/05\/ALU.png\",\"datePublished\":\"2023-05-11T11:05:11+00:00\",\"dateModified\":\"2023-06-02T07:11:04+00:00\",\"breadcrumb\":{\"@id\":\"https:\/\/skelin-mont.com\/proizvodi\/prozori\/#breadcrumb\"},\"inLanguage\":\"en-US\",\"potentialAction\":[{\"@type\":\"ReadAction\",\"target\":[\"https:\/\/skelin-mont.com\/proizvodi\/prozori\/\"]}]},{\"@type\":\"ImageObject\",\"inLanguage\":\"en-US\",\"@id\":\"https:\/\/skelin-mont.com\/proizvodi\/prozori\/#primaryimage\",\"url\":\"https:\/\/skelin-mont.com\/wp-content\/uploads\/2023\/05\/ALU.png\",\"contentUrl\":\"https:\/\/skelin-mont.com\/wp-content\/uploads\/2023\/05\/ALU.png\"},{\"@type\":\"BreadcrumbList\",\"@id\":\"https:\/\/skelin-mont.com\/proizvodi\/prozori\/#breadcrumb\",\"itemListElement\":[{\"@type\":\"ListItem\",\"position\":1,\"name\":\"Po\u010detna stranica\",\"item\":\"https:\/\/skelin-mont.com\/\"},{\"@type\":\"ListItem\",\"position\":2,\"name\":\"Proizvodi\",\"item\":\"https:\/\/skelin-mont.com\/proizvodi\/\"},{\"@type\":\"ListItem\",\"position\":3,\"name\":\"Prozori\"}]},{\"@type\":\"WebSite\",\"@id\":\"https:\/\/skelin-mont.com\/#website\",\"url\":\"https:\/\/skelin-mont.com\/\",\"name\":\"SkelinMont\",\"description\":\"\",\"publisher\":{\"@id\":\"https:\/\/skelin-mont.com\/#organization\"},\"potentialAction\":[{\"@type\":\"SearchAction\",\"target\":{\"@type\":\"EntryPoint\",\"urlTemplate\":\"https:\/\/skelin-mont.com\/?s={search_term_string}\"},\"query-input\":{\"@type\":\"PropertyValueSpecification\",\"valueRequired\":true,\"valueName\":\"search_term_string\"}}],\"inLanguage\":\"en-US\"},{\"@type\":\"Organization\",\"@id\":\"https:\/\/skelin-mont.com\/#organization\",\"name\":\"Skelin Mont\",\"url\":\"https:\/\/skelin-mont.com\/\",\"logo\":{\"@type\":\"ImageObject\",\"inLanguage\":\"en-US\",\"@id\":\"https:\/\/skelin-mont.com\/#\/schema\/logo\/image\/\",\"url\":\"https:\/\/skelin-mont.com\/wp-content\/uploads\/2023\/03\/SkelinMont.png\",\"contentUrl\":\"https:\/\/skelin-mont.com\/wp-content\/uploads\/2023\/03\/SkelinMont.png\",\"width\":300,\"height\":79,\"caption\":\"Skelin Mont\"},\"image\":{\"@id\":\"https:\/\/skelin-mont.com\/#\/schema\/logo\/image\/\"},\"sameAs\":[\"https:\/\/www.facebook.com\/skelinmont\/\",\"https:\/\/www.instagram.com\/skelinmont\/\",\"https:\/\/www.linkedin.com\/company\/skelin-mont\/\"]}]}<\/script>\n<!-- \/ Yoast SEO plugin. -->","yoast_head_json":{"title":"Prozori - SkelinMont","robots":{"index":"index","follow":"follow","max-snippet":"max-snippet:-1","max-image-preview":"max-image-preview:large","max-video-preview":"max-video-preview:-1"},"canonical":"https:\/\/skelin-mont.com\/en\/proizvodi\/prozori\/","og_locale":"en_US","og_type":"article","og_title":"Prozori - SkelinMont","og_description":"Odaberite kvalitetnu stolariju uz sigurnu monta\u017eu. Birajte prozore po svojoj mjeri i prema zahtjevima svog objekta! Skelin Mont proizvodi kvalitetne ALU i PVC prozore koji \u0107e udovoljiti svim funkcionalnim, tehni\u010dkim i estetskim kriterijima va\u0161eg projekta. Za svoje projekte birajte kvalitetu koja traje. ALU PROZORI PVC PROZORI","og_url":"https:\/\/skelin-mont.com\/en\/proizvodi\/prozori\/","og_site_name":"SkelinMont","article_publisher":"https:\/\/www.facebook.com\/skelinmont\/","article_modified_time":"2023-06-02T07:11:04+00:00","og_image":[{"url":"https:\/\/skelin-mont.com\/wp-content\/uploads\/2023\/05\/ALU.png","type":"","width":"","height":""}],"twitter_card":"summary_large_image","twitter_misc":{"Est. reading time":"1 minute"},"schema":{"@context":"https:\/\/schema.org","@graph":[{"@type":"WebPage","@id":"https:\/\/skelin-mont.com\/proizvodi\/prozori\/","url":"https:\/\/skelin-mont.com\/proizvodi\/prozori\/","name":"Prozori - SkelinMont","isPartOf":{"@id":"https:\/\/skelin-mont.com\/#website"},"primaryImageOfPage":{"@id":"https:\/\/skelin-mont.com\/proizvodi\/prozori\/#primaryimage"},"image":{"@id":"https:\/\/skelin-mont.com\/proizvodi\/prozori\/#primaryimage"},"thumbnailUrl":"https:\/\/skelin-mont.com\/wp-content\/uploads\/2023\/05\/ALU.png","datePublished":"2023-05-11T11:05:11+00:00","dateModified":"2023-06-02T07:11:04+00:00","breadcrumb":{"@id":"https:\/\/skelin-mont.com\/proizvodi\/prozori\/#breadcrumb"},"inLanguage":"en-US","potentialAction":[{"@type":"ReadAction","target":["https:\/\/skelin-mont.com\/proizvodi\/prozori\/"]}]},{"@type":"ImageObject","inLanguage":"en-US","@id":"https:\/\/skelin-mont.com\/proizvodi\/prozori\/#primaryimage","url":"https:\/\/skelin-mont.com\/wp-content\/uploads\/2023\/05\/ALU.png","contentUrl":"https:\/\/skelin-mont.com\/wp-content\/uploads\/2023\/05\/ALU.png"},{"@type":"BreadcrumbList","@id":"https:\/\/skelin-mont.com\/proizvodi\/prozori\/#breadcrumb","itemListElement":[{"@type":"ListItem","position":1,"name":"Po\u010detna stranica","item":"https:\/\/skelin-mont.com\/"},{"@type":"ListItem","position":2,"name":"Proizvodi","item":"https:\/\/skelin-mont.com\/proizvodi\/"},{"@type":"ListItem","position":3,"name":"Prozori"}]},{"@type":"WebSite","@id":"https:\/\/skelin-mont.com\/#website","url":"https:\/\/skelin-mont.com\/","name":"SkelinMont","description":"","publisher":{"@id":"https:\/\/skelin-mont.com\/#organization"},"potentialAction":[{"@type":"SearchAction","target":{"@type":"EntryPoint","urlTemplate":"https:\/\/skelin-mont.com\/?s={search_term_string}"},"query-input":{"@type":"PropertyValueSpecification","valueRequired":true,"valueName":"search_term_string"}}],"inLanguage":"en-US"},{"@type":"Organization","@id":"https:\/\/skelin-mont.com\/#organization","name":"Skelin Mont","url":"https:\/\/skelin-mont.com\/","logo":{"@type":"ImageObject","inLanguage":"en-US","@id":"https:\/\/skelin-mont.com\/#\/schema\/logo\/image\/","url":"https:\/\/skelin-mont.com\/wp-content\/uploads\/2023\/03\/SkelinMont.png","contentUrl":"https:\/\/skelin-mont.com\/wp-content\/uploads\/2023\/03\/SkelinMont.png","width":300,"height":79,"caption":"Skelin Mont"},"image":{"@id":"https:\/\/skelin-mont.com\/#\/schema\/logo\/image\/"},"sameAs":["https:\/\/www.facebook.com\/skelinmont\/","https:\/\/www.instagram.com\/skelinmont\/","https:\/\/www.linkedin.com\/company\/skelin-mont\/"]}]}},"_links":{"self":[{"href":"https:\/\/skelin-mont.com\/en\/wp-json\/wp\/v2\/pages\/1618","targetHints":{"allow":["GET"]}}],"collection":[{"href":"https:\/\/skelin-mont.com\/en\/wp-json\/wp\/v2\/pages"}],"about":[{"href":"https:\/\/skelin-mont.com\/en\/wp-json\/wp\/v2\/types\/page"}],"author":[{"embeddable":true,"href":"https:\/\/skelin-mont.com\/en\/wp-json\/wp\/v2\/users\/1"}],"replies":[{"embeddable":true,"href":"https:\/\/skelin-mont.com\/en\/wp-json\/wp\/v2\/comments?post=1618"}],"version-history":[{"count":46,"href":"https:\/\/skelin-mont.com\/en\/wp-json\/wp\/v2\/pages\/1618\/revisions"}],"predecessor-version":[{"id":2169,"href":"https:\/\/skelin-mont.com\/en\/wp-json\/wp\/v2\/pages\/1618\/revisions\/2169"}],"up":[{"embeddable":true,"href":"https:\/\/skelin-mont.com\/en\/wp-json\/wp\/v2\/pages\/1101"}],"wp:attachment":[{"href":"https:\/\/skelin-mont.com\/en\/wp-json\/wp\/v2\/media?parent=1618"}],"curies":[{"name":"wp","href":"https:\/\/api.w.org\/{rel}","templated":true}]}}