{"id":1692,"date":"2023-05-15T09:45:24","date_gmt":"2023-05-15T07:45:24","guid":{"rendered":"https:\/\/skelin-mont.com\/?page_id=1692"},"modified":"2023-06-03T00:56:33","modified_gmt":"2023-06-02T22:56:33","slug":"sjenila","status":"publish","type":"page","link":"https:\/\/skelin-mont.com\/en\/proizvodi\/sjenila\/","title":{"rendered":"Shadows"},"content":{"rendered":"<div data-elementor-type=\"wp-page\" data-elementor-id=\"1692\" class=\"elementor elementor-1692\" data-elementor-post-type=\"page\">\n\t\t\t\t\t\t<section class=\"elementor-section elementor-top-section elementor-element elementor-element-a026706 elementor-section-height-min-height elementor-section-items-bottom elementor-section-boxed elementor-section-height-default\" data-id=\"a026706\" data-element_type=\"section\" data-e-type=\"section\" data-settings=\"{&quot;background_background&quot;:&quot;classic&quot;}\">\n\t\t\t\t\t\t\t<div class=\"elementor-background-overlay\"><\/div>\n\t\t\t\t\t\t\t<div class=\"elementor-container elementor-column-gap-default\">\n\t\t\t\t\t<div class=\"elementor-column elementor-col-100 elementor-top-column elementor-element elementor-element-9ed921d\" data-id=\"9ed921d\" data-element_type=\"column\" data-e-type=\"column\" data-settings=\"{&quot;background_background&quot;:&quot;classic&quot;}\">\n\t\t\t<div class=\"elementor-widget-wrap elementor-element-populated\">\n\t\t\t\t\t\t<div class=\"elementor-element elementor-element-de0377c elementor-widget elementor-widget-heading\" data-id=\"de0377c\" data-element_type=\"widget\" data-e-type=\"widget\" data-widget_type=\"heading.default\">\n\t\t\t\t<div class=\"elementor-widget-container\">\n\t\t\t\t\t<h1 class=\"elementor-heading-title elementor-size-default\">Shadows<\/h1>\t\t\t\t<\/div>\n\t\t\t\t<\/div>\n\t\t\t\t\t<\/div>\n\t\t<\/div>\n\t\t\t\t\t<\/div>\n\t\t<\/section>\n\t\t<div class=\"elementor-element elementor-element-36ea11e e-flex e-con-boxed e-con e-parent\" data-id=\"36ea11e\" data-element_type=\"container\" data-e-type=\"container\">\n\t\t\t\t\t<div class=\"e-con-inner\">\n\t\t\t\t<div class=\"elementor-element elementor-element-2fbf132 elementor-widget elementor-widget-text-editor\" data-id=\"2fbf132\" data-element_type=\"widget\" data-e-type=\"widget\" data-widget_type=\"text-editor.default\">\n\t\t\t\t<div class=\"elementor-widget-container\">\n\t\t\t\t\t\t\t\t\t<h5>Why install blinds on your openings and how to choose the right type of blinds? This is a question that bothers all those who decide to invest in the replacement of carpentry and the installation of blinds.<\/h5>\t\t\t\t\t\t\t\t<\/div>\n\t\t\t\t<\/div>\n\t\t\t\t<div class=\"elementor-element elementor-element-c10441f elementor-widget elementor-widget-text-editor\" data-id=\"c10441f\" data-element_type=\"widget\" data-e-type=\"widget\" data-widget_type=\"text-editor.default\">\n\t\t\t\t<div class=\"elementor-widget-container\">\n\t\t\t\t\t\t\t\t\t<blockquote><p><em>\"The basic and most important function of shades is the property of thermal insulation. In addition to its role in preventing the entry of uncontrolled solar energy into your space, it also provides protection for the intimacy of your home.<\/em><em>&#8220;<\/em><\/p><\/blockquote>\t\t\t\t\t\t\t\t<\/div>\n\t\t\t\t<\/div>\n\t\t\t\t<div class=\"elementor-element elementor-element-1dfffa1 elementor-widget elementor-widget-text-editor\" data-id=\"1dfffa1\" data-element_type=\"widget\" data-e-type=\"widget\" data-widget_type=\"text-editor.default\">\n\t\t\t\t<div class=\"elementor-widget-container\">\n\t\t\t\t\t\t\t\t\t<h5>It is very important to adapt the choice of shades to the needs of your living space and your lifestyle. It is important to emphasize that Skelin Mont provides quality materials, impeccable workmanship and quality assembly. By buying Skelin Mont eye shadow, you will buy the quality and longevity of the product.<\/h5>\t\t\t\t\t\t\t\t<\/div>\n\t\t\t\t<\/div>\n\t\t\t\t\t<\/div>\n\t\t\t\t<\/div>\n\t\t<div class=\"elementor-element elementor-element-ba73fa5 e-flex e-con-boxed e-con e-parent\" data-id=\"ba73fa5\" data-element_type=\"container\" data-e-type=\"container\">\n\t\t\t\t\t<div class=\"e-con-inner\">\n\t\t\t\t<div class=\"elementor-element elementor-element-e56362b upk-global-link-yes elementor-widget elementor-widget-upk-elite-grid\" data-id=\"e56362b\" data-element_type=\"widget\" data-e-type=\"widget\" data-widget_type=\"upk-elite-grid.default\">\n\t\t\t\t<div class=\"elementor-widget-container\">\n\t\t\t\t\t\n\t\t<div class=\"upk-elite-grid upk-ajax-grid\" data-loadmore=\"[]\">\n\t\t\t<div class=\"upk-post-grid upk-ajax-grid-wrap upk-style-1\">\n\n\t\t\t\t\n\t\t\t\t\t\t\t<div onclick=\"window.open(&#039;https:\/\/skelin-mont.com\/en\/alu-grilje\/&#039;, &#039;_self&#039;)\" class=\"upk-item\">\n\t\t\t<div class=\"upk-item-box\">\n\t\t\t\t<div class=\"upk-image-wrap\">\n\t\t\t\t\t<div class=\"upk-main-image\">\n\t\t\t\t\t\t<img fetchpriority=\"high\" decoding=\"async\" width=\"480\" height=\"360\" src=\"https:\/\/skelin-mont.com\/wp-content\/uploads\/2023\/05\/grilje-1.jpg\" class=\"upk-img\" alt=\"ALU GRILJE\" srcset=\"https:\/\/skelin-mont.com\/wp-content\/uploads\/2023\/05\/grilje-1.jpg 480w, https:\/\/skelin-mont.com\/wp-content\/uploads\/2023\/05\/grilje-1-300x225.jpg 300w, https:\/\/skelin-mont.com\/wp-content\/uploads\/2023\/05\/grilje-1-16x12.jpg 16w\" sizes=\"(max-width: 480px) 100vw, 480px\" \/>\t\t\t\t\t<\/div>\n\n\t\t\t\t\t\n\t\t\t\t\t\t\t\t\t<\/div>\n\n\t\t\t\t<div class=\"upk-content\">\n\t\t\t\t\t<div>\n\t\t\t\t\t\t<h3 class=\"upk-title\"><a href=\"https:\/\/skelin-mont.com\/en\/alu-grilje\/\" title=\"ALU GRILL\" class=\"title-animation-\" aria-label=\"ALU GRILL\">ALU GRILL<\/a><\/h3>\t\t\t\t\t\t<div class=\"upk-text-wrap\">\n\t\t\t\t\t\t\t\t\t\t\t\t\t<\/div>\n\n\t\t\t\t\t\t\n\t\t\t\t\t<\/div>\n\t\t\t\t<\/div>\n\n\t\t\t<\/div>\n\t\t<\/div>\n\n\n\t\n\t\t\t\t\n\t\t\t\t\t\t\t<div onclick=\"window.open(&#039;https:\/\/skelin-mont.com\/en\/rolete\/&#039;, &#039;_self&#039;)\" class=\"upk-item\">\n\t\t\t<div class=\"upk-item-box\">\n\t\t\t\t<div class=\"upk-image-wrap\">\n\t\t\t\t\t<div class=\"upk-main-image\">\n\t\t\t\t\t\t<img decoding=\"async\" width=\"900\" height=\"900\" src=\"https:\/\/skelin-mont.com\/wp-content\/uploads\/2023\/05\/sjenila-rolete-2.jpg\" class=\"upk-img\" alt=\"ROLETE\" srcset=\"https:\/\/skelin-mont.com\/wp-content\/uploads\/2023\/05\/sjenila-rolete-2.jpg 900w, https:\/\/skelin-mont.com\/wp-content\/uploads\/2023\/05\/sjenila-rolete-2-300x300.jpg 300w, https:\/\/skelin-mont.com\/wp-content\/uploads\/2023\/05\/sjenila-rolete-2-150x150.jpg 150w, https:\/\/skelin-mont.com\/wp-content\/uploads\/2023\/05\/sjenila-rolete-2-768x768.jpg 768w, https:\/\/skelin-mont.com\/wp-content\/uploads\/2023\/05\/sjenila-rolete-2-12x12.jpg 12w\" sizes=\"(max-width: 900px) 100vw, 900px\" \/>\t\t\t\t\t<\/div>\n\n\t\t\t\t\t\n\t\t\t\t\t\t\t\t\t<\/div>\n\n\t\t\t\t<div class=\"upk-content\">\n\t\t\t\t\t<div>\n\t\t\t\t\t\t<h3 class=\"upk-title\"><a href=\"https:\/\/skelin-mont.com\/en\/rolete\/\" title=\"BLINDS\" class=\"title-animation-\" aria-label=\"BLINDS\">BLINDS<\/a><\/h3>\t\t\t\t\t\t<div class=\"upk-text-wrap\">\n\t\t\t\t\t\t\t\t\t\t\t\t\t<\/div>\n\n\t\t\t\t\t\t\n\t\t\t\t\t<\/div>\n\t\t\t\t<\/div>\n\n\t\t\t<\/div>\n\t\t<\/div>\n\n\n\t\n\t\t\t\t\n\t\t\t\t\t\t\t<div onclick=\"window.open(&#039;https:\/\/skelin-mont.com\/en\/vanjske-zaluzine\/&#039;, &#039;_self&#039;)\" class=\"upk-item\">\n\t\t\t<div class=\"upk-item-box\">\n\t\t\t\t<div class=\"upk-image-wrap\">\n\t\t\t\t\t<div class=\"upk-main-image\">\n\t\t\t\t\t\t<img decoding=\"async\" width=\"267\" height=\"267\" src=\"https:\/\/skelin-mont.com\/wp-content\/uploads\/2023\/05\/vanjske-zaluzine-267x267-1.jpg\" class=\"upk-img\" alt=\"VANJSKE \u017dALUZINE\" srcset=\"https:\/\/skelin-mont.com\/wp-content\/uploads\/2023\/05\/vanjske-zaluzine-267x267-1.jpg 267w, https:\/\/skelin-mont.com\/wp-content\/uploads\/2023\/05\/vanjske-zaluzine-267x267-1-150x150.jpg 150w, https:\/\/skelin-mont.com\/wp-content\/uploads\/2023\/05\/vanjske-zaluzine-267x267-1-12x12.jpg 12w\" sizes=\"(max-width: 267px) 100vw, 267px\" \/>\t\t\t\t\t<\/div>\n\n\t\t\t\t\t\n\t\t\t\t\t\t\t\t\t<\/div>\n\n\t\t\t\t<div class=\"upk-content\">\n\t\t\t\t\t<div>\n\t\t\t\t\t\t<h3 class=\"upk-title\"><a href=\"https:\/\/skelin-mont.com\/en\/vanjske-zaluzine\/\" title=\"EXTERNAL BLINDS\" class=\"title-animation-\" aria-label=\"EXTERNAL BLINDS\">EXTERNAL BLINDS<\/a><\/h3>\t\t\t\t\t\t<div class=\"upk-text-wrap\">\n\t\t\t\t\t\t\t\t\t\t\t\t\t<\/div>\n\n\t\t\t\t\t\t\n\t\t\t\t\t<\/div>\n\t\t\t\t<\/div>\n\n\t\t\t<\/div>\n\t\t<\/div>\n\n\n\t\n\t\t\t\t\n\t\t\t\t\t\t\t<div onclick=\"window.open(&#039;https:\/\/skelin-mont.com\/en\/unutarnje-zaluzine-venecijaneri\/&#039;, &#039;_self&#039;)\" class=\"upk-item\">\n\t\t\t<div class=\"upk-item-box\">\n\t\t\t\t<div class=\"upk-image-wrap\">\n\t\t\t\t\t<div class=\"upk-main-image\">\n\t\t\t\t\t\t<img loading=\"lazy\" decoding=\"async\" width=\"602\" height=\"400\" src=\"https:\/\/skelin-mont.com\/wp-content\/uploads\/2023\/05\/venecijaneri-1.jpg\" class=\"upk-img\" alt=\"UNUTARNJE \u017dALUZINE (VENECIJANERI)\" srcset=\"https:\/\/skelin-mont.com\/wp-content\/uploads\/2023\/05\/venecijaneri-1.jpg 602w, https:\/\/skelin-mont.com\/wp-content\/uploads\/2023\/05\/venecijaneri-1-300x199.jpg 300w, https:\/\/skelin-mont.com\/wp-content\/uploads\/2023\/05\/venecijaneri-1-18x12.jpg 18w\" sizes=\"(max-width: 602px) 100vw, 602px\" \/>\t\t\t\t\t<\/div>\n\n\t\t\t\t\t\n\t\t\t\t\t\t\t\t\t<\/div>\n\n\t\t\t\t<div class=\"upk-content\">\n\t\t\t\t\t<div>\n\t\t\t\t\t\t<h3 class=\"upk-title\"><a href=\"https:\/\/skelin-mont.com\/en\/unutarnje-zaluzine-venecijaneri\/\" title=\"INTERNAL BLINDS (VENETIANS)\" class=\"title-animation-\" aria-label=\"INTERNAL BLINDS (VENETIANS)\">INTERNAL BLINDS (VENETIANS)<\/a><\/h3>\t\t\t\t\t\t<div class=\"upk-text-wrap\">\n\t\t\t\t\t\t\t\t\t\t\t\t\t<\/div>\n\n\t\t\t\t\t\t\n\t\t\t\t\t<\/div>\n\t\t\t\t<\/div>\n\n\t\t\t<\/div>\n\t\t<\/div>\n\n\n\t\n\t\t\t\t\n\t\t\t\t\t\t\t<div onclick=\"window.open(&#039;https:\/\/skelin-mont.com\/en\/brisoleji\/&#039;, &#039;_self&#039;)\" class=\"upk-item\">\n\t\t\t<div class=\"upk-item-box\">\n\t\t\t\t<div class=\"upk-image-wrap\">\n\t\t\t\t\t<div class=\"upk-main-image\">\n\t\t\t\t\t\t<img loading=\"lazy\" decoding=\"async\" width=\"267\" height=\"267\" src=\"https:\/\/skelin-mont.com\/wp-content\/uploads\/2023\/05\/brisolej-267x267-1.jpg\" class=\"upk-img\" alt=\"BRISOLEJI\" srcset=\"https:\/\/skelin-mont.com\/wp-content\/uploads\/2023\/05\/brisolej-267x267-1.jpg 267w, https:\/\/skelin-mont.com\/wp-content\/uploads\/2023\/05\/brisolej-267x267-1-150x150.jpg 150w, https:\/\/skelin-mont.com\/wp-content\/uploads\/2023\/05\/brisolej-267x267-1-12x12.jpg 12w\" sizes=\"(max-width: 267px) 100vw, 267px\" \/>\t\t\t\t\t<\/div>\n\n\t\t\t\t\t\n\t\t\t\t\t\t\t\t\t<\/div>\n\n\t\t\t\t<div class=\"upk-content\">\n\t\t\t\t\t<div>\n\t\t\t\t\t\t<h3 class=\"upk-title\"><a href=\"https:\/\/skelin-mont.com\/en\/brisoleji\/\" title=\"BRISOLEAS\" class=\"title-animation-\" aria-label=\"BRISOLEAS\">BRISOLEAS<\/a><\/h3>\t\t\t\t\t\t<div class=\"upk-text-wrap\">\n\t\t\t\t\t\t\t\t\t\t\t\t\t<\/div>\n\n\t\t\t\t\t\t\n\t\t\t\t\t<\/div>\n\t\t\t\t<\/div>\n\n\t\t\t<\/div>\n\t\t<\/div>\n\n\n\t\n\t\t\t\t\t\t\t<\/div>\n\t\t<\/div>\n\n\t\t\n\t\t\t\t\t\t<\/div>\n\t\t\t\t<\/div>\n\t\t\t\t\t<\/div>\n\t\t\t\t<\/div>\n\t\t\t\t<\/div>","protected":false},"excerpt":{"rendered":"<p>Za\u0161to ugraditi sjenila na va\u0161e otvore i kako odabrati pravi tip sjenila? To je pitanje koje mu\u010di sve one koji se odlu\u010de investirati u izmjenu stolarije i ugradnju sjenila. &#8220;Osnovna i najva\u017enija funkcija sjenila je svojstvo toplinske izolacije. Osim njene uloge da spre\u010dava ulazak nekontrolirane sun\u010deve energije u va\u0161 prostor, pru\u017ea i za\u0161titu intime va\u0161eg [&hellip;]<\/p>\n","protected":false},"author":1,"featured_media":0,"parent":1101,"menu_order":0,"comment_status":"closed","ping_status":"closed","template":"","meta":{"site-sidebar-layout":"no-sidebar","site-content-layout":"page-builder","ast-site-content-layout":"default","site-content-style":"default","site-sidebar-style":"default","ast-global-header-display":"","ast-banner-title-visibility":"","ast-main-header-display":"","ast-hfb-above-header-display":"","ast-hfb-below-header-display":"","ast-hfb-mobile-header-display":"","site-post-title":"disabled","ast-breadcrumbs-content":"","ast-featured-img":"disabled","footer-sml-layout":"","ast-disable-related-posts":"","theme-transparent-header-meta":"","adv-header-id-meta":"","stick-header-meta":"","header-above-stick-meta":"","header-main-stick-meta":"","header-below-stick-meta":"","astra-migrate-meta-layouts":"default","ast-page-background-enabled":"default","ast-page-background-meta":{"desktop":{"background-color":"var(--ast-global-color-4)","background-image":"","background-repeat":"repeat","background-position":"center center","background-size":"auto","background-attachment":"scroll","background-type":"","background-media":"","overlay-type":"","overlay-color":"","overlay-opacity":"","overlay-gradient":""},"tablet":{"background-color":"","background-image":"","background-repeat":"repeat","background-position":"center center","background-size":"auto","background-attachment":"scroll","background-type":"","background-media":"","overlay-type":"","overlay-color":"","overlay-opacity":"","overlay-gradient":""},"mobile":{"background-color":"","background-image":"","background-repeat":"repeat","background-position":"center center","background-size":"auto","background-attachment":"scroll","background-type":"","background-media":"","overlay-type":"","overlay-color":"","overlay-opacity":"","overlay-gradient":""}},"ast-content-background-meta":{"desktop":{"background-color":"var(--ast-global-color-5)","background-image":"","background-repeat":"repeat","background-position":"center center","background-size":"auto","background-attachment":"scroll","background-type":"","background-media":"","overlay-type":"","overlay-color":"","overlay-opacity":"","overlay-gradient":""},"tablet":{"background-color":"var(--ast-global-color-5)","background-image":"","background-repeat":"repeat","background-position":"center center","background-size":"auto","background-attachment":"scroll","background-type":"","background-media":"","overlay-type":"","overlay-color":"","overlay-opacity":"","overlay-gradient":""},"mobile":{"background-color":"var(--ast-global-color-5)","background-image":"","background-repeat":"repeat","background-position":"center center","background-size":"auto","background-attachment":"scroll","background-type":"","background-media":"","overlay-type":"","overlay-color":"","overlay-opacity":"","overlay-gradient":""}},"footnotes":""},"class_list":["post-1692","page","type-page","status-publish","hentry"],"yoast_head":"<!-- This site is optimized with the Yoast SEO plugin v27.0 - https:\/\/yoast.com\/product\/yoast-seo-wordpress\/ -->\n<title>Sjenila - SkelinMont<\/title>\n<meta name=\"robots\" content=\"index, follow, max-snippet:-1, max-image-preview:large, max-video-preview:-1\" \/>\n<link rel=\"canonical\" href=\"https:\/\/skelin-mont.com\/en\/proizvodi\/sjenila\/\" \/>\n<meta property=\"og:locale\" content=\"en_US\" \/>\n<meta property=\"og:type\" content=\"article\" \/>\n<meta property=\"og:title\" content=\"Sjenila - SkelinMont\" \/>\n<meta property=\"og:description\" content=\"Za\u0161to ugraditi sjenila na va\u0161e otvore i kako odabrati pravi tip sjenila? To je pitanje koje mu\u010di sve one koji se odlu\u010de investirati u izmjenu stolarije i ugradnju sjenila. &#8220;Osnovna i najva\u017enija funkcija sjenila je svojstvo toplinske izolacije. Osim njene uloge da spre\u010dava ulazak nekontrolirane sun\u010deve energije u va\u0161 prostor, pru\u017ea i za\u0161titu intime va\u0161eg [&hellip;]\" \/>\n<meta property=\"og:url\" content=\"https:\/\/skelin-mont.com\/en\/proizvodi\/sjenila\/\" \/>\n<meta property=\"og:site_name\" content=\"SkelinMont\" \/>\n<meta property=\"article:publisher\" content=\"https:\/\/www.facebook.com\/skelinmont\/\" \/>\n<meta property=\"article:modified_time\" content=\"2023-06-02T22:56:33+00:00\" \/>\n<meta property=\"og:image\" content=\"https:\/\/skelin-mont.com\/wp-content\/uploads\/2023\/05\/grilje-1.jpg\" \/>\n<meta name=\"twitter:card\" content=\"summary_large_image\" \/>\n<meta name=\"twitter:label1\" content=\"Est. reading time\" \/>\n\t<meta name=\"twitter:data1\" content=\"2 minutes\" \/>\n<script type=\"application\/ld+json\" class=\"yoast-schema-graph\">{\"@context\":\"https:\/\/schema.org\",\"@graph\":[{\"@type\":\"WebPage\",\"@id\":\"https:\/\/skelin-mont.com\/proizvodi\/sjenila\/\",\"url\":\"https:\/\/skelin-mont.com\/proizvodi\/sjenila\/\",\"name\":\"Sjenila - SkelinMont\",\"isPartOf\":{\"@id\":\"https:\/\/skelin-mont.com\/#website\"},\"primaryImageOfPage\":{\"@id\":\"https:\/\/skelin-mont.com\/proizvodi\/sjenila\/#primaryimage\"},\"image\":{\"@id\":\"https:\/\/skelin-mont.com\/proizvodi\/sjenila\/#primaryimage\"},\"thumbnailUrl\":\"https:\/\/skelin-mont.com\/wp-content\/uploads\/2023\/05\/grilje-1.jpg\",\"datePublished\":\"2023-05-15T07:45:24+00:00\",\"dateModified\":\"2023-06-02T22:56:33+00:00\",\"breadcrumb\":{\"@id\":\"https:\/\/skelin-mont.com\/proizvodi\/sjenila\/#breadcrumb\"},\"inLanguage\":\"en-US\",\"potentialAction\":[{\"@type\":\"ReadAction\",\"target\":[\"https:\/\/skelin-mont.com\/proizvodi\/sjenila\/\"]}]},{\"@type\":\"ImageObject\",\"inLanguage\":\"en-US\",\"@id\":\"https:\/\/skelin-mont.com\/proizvodi\/sjenila\/#primaryimage\",\"url\":\"https:\/\/skelin-mont.com\/wp-content\/uploads\/2023\/05\/grilje-1.jpg\",\"contentUrl\":\"https:\/\/skelin-mont.com\/wp-content\/uploads\/2023\/05\/grilje-1.jpg\"},{\"@type\":\"BreadcrumbList\",\"@id\":\"https:\/\/skelin-mont.com\/proizvodi\/sjenila\/#breadcrumb\",\"itemListElement\":[{\"@type\":\"ListItem\",\"position\":1,\"name\":\"Po\u010detna stranica\",\"item\":\"https:\/\/skelin-mont.com\/\"},{\"@type\":\"ListItem\",\"position\":2,\"name\":\"Proizvodi\",\"item\":\"https:\/\/skelin-mont.com\/proizvodi\/\"},{\"@type\":\"ListItem\",\"position\":3,\"name\":\"Sjenila\"}]},{\"@type\":\"WebSite\",\"@id\":\"https:\/\/skelin-mont.com\/#website\",\"url\":\"https:\/\/skelin-mont.com\/\",\"name\":\"SkelinMont\",\"description\":\"\",\"publisher\":{\"@id\":\"https:\/\/skelin-mont.com\/#organization\"},\"potentialAction\":[{\"@type\":\"SearchAction\",\"target\":{\"@type\":\"EntryPoint\",\"urlTemplate\":\"https:\/\/skelin-mont.com\/?s={search_term_string}\"},\"query-input\":{\"@type\":\"PropertyValueSpecification\",\"valueRequired\":true,\"valueName\":\"search_term_string\"}}],\"inLanguage\":\"en-US\"},{\"@type\":\"Organization\",\"@id\":\"https:\/\/skelin-mont.com\/#organization\",\"name\":\"Skelin Mont\",\"url\":\"https:\/\/skelin-mont.com\/\",\"logo\":{\"@type\":\"ImageObject\",\"inLanguage\":\"en-US\",\"@id\":\"https:\/\/skelin-mont.com\/#\/schema\/logo\/image\/\",\"url\":\"https:\/\/skelin-mont.com\/wp-content\/uploads\/2023\/03\/SkelinMont.png\",\"contentUrl\":\"https:\/\/skelin-mont.com\/wp-content\/uploads\/2023\/03\/SkelinMont.png\",\"width\":300,\"height\":79,\"caption\":\"Skelin Mont\"},\"image\":{\"@id\":\"https:\/\/skelin-mont.com\/#\/schema\/logo\/image\/\"},\"sameAs\":[\"https:\/\/www.facebook.com\/skelinmont\/\",\"https:\/\/www.instagram.com\/skelinmont\/\",\"https:\/\/www.linkedin.com\/company\/skelin-mont\/\"]}]}<\/script>\n<!-- \/ Yoast SEO plugin. -->","yoast_head_json":{"title":"Sjenila - SkelinMont","robots":{"index":"index","follow":"follow","max-snippet":"max-snippet:-1","max-image-preview":"max-image-preview:large","max-video-preview":"max-video-preview:-1"},"canonical":"https:\/\/skelin-mont.com\/en\/proizvodi\/sjenila\/","og_locale":"en_US","og_type":"article","og_title":"Sjenila - SkelinMont","og_description":"Za\u0161to ugraditi sjenila na va\u0161e otvore i kako odabrati pravi tip sjenila? To je pitanje koje mu\u010di sve one koji se odlu\u010de investirati u izmjenu stolarije i ugradnju sjenila. &#8220;Osnovna i najva\u017enija funkcija sjenila je svojstvo toplinske izolacije. Osim njene uloge da spre\u010dava ulazak nekontrolirane sun\u010deve energije u va\u0161 prostor, pru\u017ea i za\u0161titu intime va\u0161eg [&hellip;]","og_url":"https:\/\/skelin-mont.com\/en\/proizvodi\/sjenila\/","og_site_name":"SkelinMont","article_publisher":"https:\/\/www.facebook.com\/skelinmont\/","article_modified_time":"2023-06-02T22:56:33+00:00","og_image":[{"url":"https:\/\/skelin-mont.com\/wp-content\/uploads\/2023\/05\/grilje-1.jpg","type":"","width":"","height":""}],"twitter_card":"summary_large_image","twitter_misc":{"Est. reading time":"2 minutes"},"schema":{"@context":"https:\/\/schema.org","@graph":[{"@type":"WebPage","@id":"https:\/\/skelin-mont.com\/proizvodi\/sjenila\/","url":"https:\/\/skelin-mont.com\/proizvodi\/sjenila\/","name":"Sjenila - SkelinMont","isPartOf":{"@id":"https:\/\/skelin-mont.com\/#website"},"primaryImageOfPage":{"@id":"https:\/\/skelin-mont.com\/proizvodi\/sjenila\/#primaryimage"},"image":{"@id":"https:\/\/skelin-mont.com\/proizvodi\/sjenila\/#primaryimage"},"thumbnailUrl":"https:\/\/skelin-mont.com\/wp-content\/uploads\/2023\/05\/grilje-1.jpg","datePublished":"2023-05-15T07:45:24+00:00","dateModified":"2023-06-02T22:56:33+00:00","breadcrumb":{"@id":"https:\/\/skelin-mont.com\/proizvodi\/sjenila\/#breadcrumb"},"inLanguage":"en-US","potentialAction":[{"@type":"ReadAction","target":["https:\/\/skelin-mont.com\/proizvodi\/sjenila\/"]}]},{"@type":"ImageObject","inLanguage":"en-US","@id":"https:\/\/skelin-mont.com\/proizvodi\/sjenila\/#primaryimage","url":"https:\/\/skelin-mont.com\/wp-content\/uploads\/2023\/05\/grilje-1.jpg","contentUrl":"https:\/\/skelin-mont.com\/wp-content\/uploads\/2023\/05\/grilje-1.jpg"},{"@type":"BreadcrumbList","@id":"https:\/\/skelin-mont.com\/proizvodi\/sjenila\/#breadcrumb","itemListElement":[{"@type":"ListItem","position":1,"name":"Po\u010detna stranica","item":"https:\/\/skelin-mont.com\/"},{"@type":"ListItem","position":2,"name":"Proizvodi","item":"https:\/\/skelin-mont.com\/proizvodi\/"},{"@type":"ListItem","position":3,"name":"Sjenila"}]},{"@type":"WebSite","@id":"https:\/\/skelin-mont.com\/#website","url":"https:\/\/skelin-mont.com\/","name":"SkelinMont","description":"","publisher":{"@id":"https:\/\/skelin-mont.com\/#organization"},"potentialAction":[{"@type":"SearchAction","target":{"@type":"EntryPoint","urlTemplate":"https:\/\/skelin-mont.com\/?s={search_term_string}"},"query-input":{"@type":"PropertyValueSpecification","valueRequired":true,"valueName":"search_term_string"}}],"inLanguage":"en-US"},{"@type":"Organization","@id":"https:\/\/skelin-mont.com\/#organization","name":"Skelin Mont","url":"https:\/\/skelin-mont.com\/","logo":{"@type":"ImageObject","inLanguage":"en-US","@id":"https:\/\/skelin-mont.com\/#\/schema\/logo\/image\/","url":"https:\/\/skelin-mont.com\/wp-content\/uploads\/2023\/03\/SkelinMont.png","contentUrl":"https:\/\/skelin-mont.com\/wp-content\/uploads\/2023\/03\/SkelinMont.png","width":300,"height":79,"caption":"Skelin Mont"},"image":{"@id":"https:\/\/skelin-mont.com\/#\/schema\/logo\/image\/"},"sameAs":["https:\/\/www.facebook.com\/skelinmont\/","https:\/\/www.instagram.com\/skelinmont\/","https:\/\/www.linkedin.com\/company\/skelin-mont\/"]}]}},"_links":{"self":[{"href":"https:\/\/skelin-mont.com\/en\/wp-json\/wp\/v2\/pages\/1692","targetHints":{"allow":["GET"]}}],"collection":[{"href":"https:\/\/skelin-mont.com\/en\/wp-json\/wp\/v2\/pages"}],"about":[{"href":"https:\/\/skelin-mont.com\/en\/wp-json\/wp\/v2\/types\/page"}],"author":[{"embeddable":true,"href":"https:\/\/skelin-mont.com\/en\/wp-json\/wp\/v2\/users\/1"}],"replies":[{"embeddable":true,"href":"https:\/\/skelin-mont.com\/en\/wp-json\/wp\/v2\/comments?post=1692"}],"version-history":[{"count":11,"href":"https:\/\/skelin-mont.com\/en\/wp-json\/wp\/v2\/pages\/1692\/revisions"}],"predecessor-version":[{"id":2291,"href":"https:\/\/skelin-mont.com\/en\/wp-json\/wp\/v2\/pages\/1692\/revisions\/2291"}],"up":[{"embeddable":true,"href":"https:\/\/skelin-mont.com\/en\/wp-json\/wp\/v2\/pages\/1101"}],"wp:attachment":[{"href":"https:\/\/skelin-mont.com\/en\/wp-json\/wp\/v2\/media?parent=1692"}],"curies":[{"name":"wp","href":"https:\/\/api.w.org\/{rel}","templated":true}]}}