{"id":1696,"date":"2023-05-15T09:46:26","date_gmt":"2023-05-15T07:46:26","guid":{"rendered":"https:\/\/skelin-mont.com\/?page_id=1696"},"modified":"2023-06-03T01:36:44","modified_gmt":"2023-06-02T23:36:44","slug":"ostali-proizvodi","status":"publish","type":"page","link":"https:\/\/skelin-mont.com\/en\/proizvodi\/ostali-proizvodi\/","title":{"rendered":"Other products"},"content":{"rendered":"<div data-elementor-type=\"wp-page\" data-elementor-id=\"1696\" class=\"elementor elementor-1696\" data-elementor-post-type=\"page\">\n\t\t\t\t\t\t<section class=\"elementor-section elementor-top-section elementor-element elementor-element-a026706 elementor-section-height-min-height elementor-section-items-bottom elementor-section-boxed elementor-section-height-default\" data-id=\"a026706\" data-element_type=\"section\" data-e-type=\"section\" data-settings=\"{&quot;background_background&quot;:&quot;classic&quot;}\">\n\t\t\t\t\t\t\t<div class=\"elementor-background-overlay\"><\/div>\n\t\t\t\t\t\t\t<div class=\"elementor-container elementor-column-gap-default\">\n\t\t\t\t\t<div class=\"elementor-column elementor-col-100 elementor-top-column elementor-element elementor-element-9ed921d\" data-id=\"9ed921d\" data-element_type=\"column\" data-e-type=\"column\" data-settings=\"{&quot;background_background&quot;:&quot;classic&quot;}\">\n\t\t\t<div class=\"elementor-widget-wrap elementor-element-populated\">\n\t\t\t\t\t\t<div class=\"elementor-element elementor-element-de0377c elementor-widget elementor-widget-heading\" data-id=\"de0377c\" data-element_type=\"widget\" data-e-type=\"widget\" data-widget_type=\"heading.default\">\n\t\t\t\t<div class=\"elementor-widget-container\">\n\t\t\t\t\t<h1 class=\"elementor-heading-title elementor-size-default\">Other products<\/h1>\t\t\t\t<\/div>\n\t\t\t\t<\/div>\n\t\t\t\t\t<\/div>\n\t\t<\/div>\n\t\t\t\t\t<\/div>\n\t\t<\/section>\n\t\t<div class=\"elementor-element elementor-element-36ea11e e-flex e-con-boxed e-con e-parent\" data-id=\"36ea11e\" data-element_type=\"container\" data-e-type=\"container\">\n\t\t\t\t\t<div class=\"e-con-inner\">\n\t\t\t\t<div class=\"elementor-element elementor-element-2fbf132 elementor-widget elementor-widget-text-editor\" data-id=\"2fbf132\" data-element_type=\"widget\" data-e-type=\"widget\" data-widget_type=\"text-editor.default\">\n\t\t\t\t<div class=\"elementor-widget-container\">\n\t\t\t\t\t\t\t\t\t<h5>More and more demanding projects and the market are finding numerous solutions for luxury private and business buildings precisely in the production of Skelin Monta. Glass facades, modern and efficient solutions from Skelin Mont manage to satisfy just such a demand.<\/h5>\t\t\t\t\t\t\t\t<\/div>\n\t\t\t\t<\/div>\n\t\t\t\t\t<\/div>\n\t\t\t\t<\/div>\n\t\t<div class=\"elementor-element elementor-element-524b274 e-flex e-con-boxed e-con e-parent\" data-id=\"524b274\" data-element_type=\"container\" data-e-type=\"container\">\n\t\t\t\t\t<div class=\"e-con-inner\">\n\t\t\t\t<div class=\"elementor-element elementor-element-f87ced9 upk-global-link-yes elementor-widget elementor-widget-upk-elite-grid\" data-id=\"f87ced9\" data-element_type=\"widget\" data-e-type=\"widget\" data-widget_type=\"upk-elite-grid.default\">\n\t\t\t\t<div class=\"elementor-widget-container\">\n\t\t\t\t\t\n\t\t<div class=\"upk-elite-grid upk-ajax-grid\" data-loadmore=\"[]\">\n\t\t\t<div class=\"upk-post-grid upk-ajax-grid-wrap upk-style-1\">\n\n\t\t\t\t\n\t\t\t\t\t\t\t<div onclick=\"window.open(&#039;https:\/\/skelin-mont.com\/en\/komarnici\/&#039;, &#039;_self&#039;)\" class=\"upk-item\">\n\t\t\t<div class=\"upk-item-box\">\n\t\t\t\t<div class=\"upk-image-wrap\">\n\t\t\t\t\t<div class=\"upk-main-image\">\n\t\t\t\t\t\t<img fetchpriority=\"high\" decoding=\"async\" width=\"400\" height=\"314\" src=\"https:\/\/skelin-mont.com\/wp-content\/uploads\/2023\/05\/komarnici-1-400x314-1.jpg\" class=\"upk-img\" alt=\"KOMARNICI\" srcset=\"https:\/\/skelin-mont.com\/wp-content\/uploads\/2023\/05\/komarnici-1-400x314-1.jpg 400w, https:\/\/skelin-mont.com\/wp-content\/uploads\/2023\/05\/komarnici-1-400x314-1-300x236.jpg 300w, https:\/\/skelin-mont.com\/wp-content\/uploads\/2023\/05\/komarnici-1-400x314-1-15x12.jpg 15w\" sizes=\"(max-width: 400px) 100vw, 400px\" \/>\t\t\t\t\t<\/div>\n\n\t\t\t\t\t\n\t\t\t\t\t\t\t\t\t<\/div>\n\n\t\t\t\t<div class=\"upk-content\">\n\t\t\t\t\t<div>\n\t\t\t\t\t\t<h3 class=\"upk-title\"><a href=\"https:\/\/skelin-mont.com\/en\/komarnici\/\" title=\"MOSQUITO NETS\" class=\"title-animation-\" aria-label=\"MOSQUITO NETS\">MOSQUITO NETS<\/a><\/h3>\t\t\t\t\t\t<div class=\"upk-text-wrap\">\n\t\t\t\t\t\t\t\t\t\t\t\t\t<\/div>\n\n\t\t\t\t\t\t\n\t\t\t\t\t<\/div>\n\t\t\t\t<\/div>\n\n\t\t\t<\/div>\n\t\t<\/div>\n\n\n\t\n\t\t\t\t\n\t\t\t\t\t\t\t<div onclick=\"window.open(&#039;https:\/\/skelin-mont.com\/en\/fasadni-sistemi\/&#039;, &#039;_self&#039;)\" class=\"upk-item\">\n\t\t\t<div class=\"upk-item-box\">\n\t\t\t\t<div class=\"upk-image-wrap\">\n\t\t\t\t\t<div class=\"upk-main-image\">\n\t\t\t\t\t\t<img decoding=\"async\" width=\"450\" height=\"400\" src=\"https:\/\/skelin-mont.com\/wp-content\/uploads\/2023\/05\/fasadni-sistemi-2-450x400-1.jpg\" class=\"upk-img\" alt=\"FASADNI SISTEMI\" srcset=\"https:\/\/skelin-mont.com\/wp-content\/uploads\/2023\/05\/fasadni-sistemi-2-450x400-1.jpg 450w, https:\/\/skelin-mont.com\/wp-content\/uploads\/2023\/05\/fasadni-sistemi-2-450x400-1-300x267.jpg 300w, https:\/\/skelin-mont.com\/wp-content\/uploads\/2023\/05\/fasadni-sistemi-2-450x400-1-14x12.jpg 14w\" sizes=\"(max-width: 450px) 100vw, 450px\" \/>\t\t\t\t\t<\/div>\n\n\t\t\t\t\t\n\t\t\t\t\t\t\t\t\t<\/div>\n\n\t\t\t\t<div class=\"upk-content\">\n\t\t\t\t\t<div>\n\t\t\t\t\t\t<h3 class=\"upk-title\"><a href=\"https:\/\/skelin-mont.com\/en\/fasadni-sistemi\/\" title=\"FACADE SYSTEMS\" class=\"title-animation-\" aria-label=\"FACADE SYSTEMS\">FACADE SYSTEMS<\/a><\/h3>\t\t\t\t\t\t<div class=\"upk-text-wrap\">\n\t\t\t\t\t\t\t\t\t\t\t\t\t<\/div>\n\n\t\t\t\t\t\t\n\t\t\t\t\t<\/div>\n\t\t\t\t<\/div>\n\n\t\t\t<\/div>\n\t\t<\/div>\n\n\n\t\n\t\t\t\t\t\t\t<\/div>\n\t\t<\/div>\n\n\t\t\n\t\t\t\t\t\t<\/div>\n\t\t\t\t<\/div>\n\t\t\t\t\t<\/div>\n\t\t\t\t<\/div>\n\t\t\t\t<\/div>","protected":false},"excerpt":{"rendered":"<p>Sve zahtjevniji projekti i tr\u017ei\u0161te pronalaze brojna rje\u0161enja za luksuzne privatne i poslovne objekte upravo u proizvodnji Skelin Monta. Staklene fasade, moderna i efikasna rje\u0161enja iz Skelin Monta uspijevaju zadovoljiti upravo takvu potra\u017enju. KOMARNICI FASADNI SISTEMI<\/p>","protected":false},"author":1,"featured_media":0,"parent":1101,"menu_order":0,"comment_status":"closed","ping_status":"closed","template":"","meta":{"site-sidebar-layout":"no-sidebar","site-content-layout":"page-builder","ast-site-content-layout":"default","site-content-style":"default","site-sidebar-style":"default","ast-global-header-display":"","ast-banner-title-visibility":"","ast-main-header-display":"","ast-hfb-above-header-display":"","ast-hfb-below-header-display":"","ast-hfb-mobile-header-display":"","site-post-title":"disabled","ast-breadcrumbs-content":"","ast-featured-img":"disabled","footer-sml-layout":"","ast-disable-related-posts":"","theme-transparent-header-meta":"","adv-header-id-meta":"","stick-header-meta":"","header-above-stick-meta":"","header-main-stick-meta":"","header-below-stick-meta":"","astra-migrate-meta-layouts":"default","ast-page-background-enabled":"default","ast-page-background-meta":{"desktop":{"background-color":"var(--ast-global-color-4)","background-image":"","background-repeat":"repeat","background-position":"center center","background-size":"auto","background-attachment":"scroll","background-type":"","background-media":"","overlay-type":"","overlay-color":"","overlay-opacity":"","overlay-gradient":""},"tablet":{"background-color":"","background-image":"","background-repeat":"repeat","background-position":"center center","background-size":"auto","background-attachment":"scroll","background-type":"","background-media":"","overlay-type":"","overlay-color":"","overlay-opacity":"","overlay-gradient":""},"mobile":{"background-color":"","background-image":"","background-repeat":"repeat","background-position":"center center","background-size":"auto","background-attachment":"scroll","background-type":"","background-media":"","overlay-type":"","overlay-color":"","overlay-opacity":"","overlay-gradient":""}},"ast-content-background-meta":{"desktop":{"background-color":"var(--ast-global-color-5)","background-image":"","background-repeat":"repeat","background-position":"center center","background-size":"auto","background-attachment":"scroll","background-type":"","background-media":"","overlay-type":"","overlay-color":"","overlay-opacity":"","overlay-gradient":""},"tablet":{"background-color":"var(--ast-global-color-5)","background-image":"","background-repeat":"repeat","background-position":"center center","background-size":"auto","background-attachment":"scroll","background-type":"","background-media":"","overlay-type":"","overlay-color":"","overlay-opacity":"","overlay-gradient":""},"mobile":{"background-color":"var(--ast-global-color-5)","background-image":"","background-repeat":"repeat","background-position":"center center","background-size":"auto","background-attachment":"scroll","background-type":"","background-media":"","overlay-type":"","overlay-color":"","overlay-opacity":"","overlay-gradient":""}},"footnotes":""},"class_list":["post-1696","page","type-page","status-publish","hentry"],"yoast_head":"<!-- This site is optimized with the Yoast SEO plugin v27.0 - https:\/\/yoast.com\/product\/yoast-seo-wordpress\/ -->\n<title>Ostali proizvodi - SkelinMont<\/title>\n<meta name=\"robots\" content=\"index, follow, max-snippet:-1, max-image-preview:large, max-video-preview:-1\" \/>\n<link rel=\"canonical\" href=\"https:\/\/skelin-mont.com\/en\/proizvodi\/ostali-proizvodi\/\" \/>\n<meta property=\"og:locale\" content=\"en_US\" \/>\n<meta property=\"og:type\" content=\"article\" \/>\n<meta property=\"og:title\" content=\"Ostali proizvodi - SkelinMont\" \/>\n<meta property=\"og:description\" content=\"Sve zahtjevniji projekti i tr\u017ei\u0161te pronalaze brojna rje\u0161enja za luksuzne privatne i poslovne objekte upravo u proizvodnji Skelin Monta. Staklene fasade, moderna i efikasna rje\u0161enja iz Skelin Monta uspijevaju zadovoljiti upravo takvu potra\u017enju. KOMARNICI FASADNI SISTEMI\" \/>\n<meta property=\"og:url\" content=\"https:\/\/skelin-mont.com\/en\/proizvodi\/ostali-proizvodi\/\" \/>\n<meta property=\"og:site_name\" content=\"SkelinMont\" \/>\n<meta property=\"article:publisher\" content=\"https:\/\/www.facebook.com\/skelinmont\/\" \/>\n<meta property=\"article:modified_time\" content=\"2023-06-02T23:36:44+00:00\" \/>\n<meta property=\"og:image\" content=\"https:\/\/skelin-mont.com\/wp-content\/uploads\/2023\/05\/komarnici-1-400x314-1.jpg\" \/>\n<meta name=\"twitter:card\" content=\"summary_large_image\" \/>\n<meta name=\"twitter:label1\" content=\"Est. reading time\" \/>\n\t<meta name=\"twitter:data1\" content=\"1 minute\" \/>\n<script type=\"application\/ld+json\" class=\"yoast-schema-graph\">{\"@context\":\"https:\/\/schema.org\",\"@graph\":[{\"@type\":\"WebPage\",\"@id\":\"https:\/\/skelin-mont.com\/proizvodi\/ostali-proizvodi\/\",\"url\":\"https:\/\/skelin-mont.com\/proizvodi\/ostali-proizvodi\/\",\"name\":\"Ostali proizvodi - SkelinMont\",\"isPartOf\":{\"@id\":\"https:\/\/skelin-mont.com\/#website\"},\"primaryImageOfPage\":{\"@id\":\"https:\/\/skelin-mont.com\/proizvodi\/ostali-proizvodi\/#primaryimage\"},\"image\":{\"@id\":\"https:\/\/skelin-mont.com\/proizvodi\/ostali-proizvodi\/#primaryimage\"},\"thumbnailUrl\":\"https:\/\/skelin-mont.com\/wp-content\/uploads\/2023\/05\/komarnici-1-400x314-1.jpg\",\"datePublished\":\"2023-05-15T07:46:26+00:00\",\"dateModified\":\"2023-06-02T23:36:44+00:00\",\"breadcrumb\":{\"@id\":\"https:\/\/skelin-mont.com\/proizvodi\/ostali-proizvodi\/#breadcrumb\"},\"inLanguage\":\"en-US\",\"potentialAction\":[{\"@type\":\"ReadAction\",\"target\":[\"https:\/\/skelin-mont.com\/proizvodi\/ostali-proizvodi\/\"]}]},{\"@type\":\"ImageObject\",\"inLanguage\":\"en-US\",\"@id\":\"https:\/\/skelin-mont.com\/proizvodi\/ostali-proizvodi\/#primaryimage\",\"url\":\"https:\/\/skelin-mont.com\/wp-content\/uploads\/2023\/05\/komarnici-1-400x314-1.jpg\",\"contentUrl\":\"https:\/\/skelin-mont.com\/wp-content\/uploads\/2023\/05\/komarnici-1-400x314-1.jpg\"},{\"@type\":\"BreadcrumbList\",\"@id\":\"https:\/\/skelin-mont.com\/proizvodi\/ostali-proizvodi\/#breadcrumb\",\"itemListElement\":[{\"@type\":\"ListItem\",\"position\":1,\"name\":\"Po\u010detna stranica\",\"item\":\"https:\/\/skelin-mont.com\/\"},{\"@type\":\"ListItem\",\"position\":2,\"name\":\"Proizvodi\",\"item\":\"https:\/\/skelin-mont.com\/proizvodi\/\"},{\"@type\":\"ListItem\",\"position\":3,\"name\":\"Ostali proizvodi\"}]},{\"@type\":\"WebSite\",\"@id\":\"https:\/\/skelin-mont.com\/#website\",\"url\":\"https:\/\/skelin-mont.com\/\",\"name\":\"SkelinMont\",\"description\":\"\",\"publisher\":{\"@id\":\"https:\/\/skelin-mont.com\/#organization\"},\"potentialAction\":[{\"@type\":\"SearchAction\",\"target\":{\"@type\":\"EntryPoint\",\"urlTemplate\":\"https:\/\/skelin-mont.com\/?s={search_term_string}\"},\"query-input\":{\"@type\":\"PropertyValueSpecification\",\"valueRequired\":true,\"valueName\":\"search_term_string\"}}],\"inLanguage\":\"en-US\"},{\"@type\":\"Organization\",\"@id\":\"https:\/\/skelin-mont.com\/#organization\",\"name\":\"Skelin Mont\",\"url\":\"https:\/\/skelin-mont.com\/\",\"logo\":{\"@type\":\"ImageObject\",\"inLanguage\":\"en-US\",\"@id\":\"https:\/\/skelin-mont.com\/#\/schema\/logo\/image\/\",\"url\":\"https:\/\/skelin-mont.com\/wp-content\/uploads\/2023\/03\/SkelinMont.png\",\"contentUrl\":\"https:\/\/skelin-mont.com\/wp-content\/uploads\/2023\/03\/SkelinMont.png\",\"width\":300,\"height\":79,\"caption\":\"Skelin Mont\"},\"image\":{\"@id\":\"https:\/\/skelin-mont.com\/#\/schema\/logo\/image\/\"},\"sameAs\":[\"https:\/\/www.facebook.com\/skelinmont\/\",\"https:\/\/www.instagram.com\/skelinmont\/\",\"https:\/\/www.linkedin.com\/company\/skelin-mont\/\"]}]}<\/script>\n<!-- \/ Yoast SEO plugin. -->","yoast_head_json":{"title":"Ostali proizvodi - SkelinMont","robots":{"index":"index","follow":"follow","max-snippet":"max-snippet:-1","max-image-preview":"max-image-preview:large","max-video-preview":"max-video-preview:-1"},"canonical":"https:\/\/skelin-mont.com\/en\/proizvodi\/ostali-proizvodi\/","og_locale":"en_US","og_type":"article","og_title":"Ostali proizvodi - SkelinMont","og_description":"Sve zahtjevniji projekti i tr\u017ei\u0161te pronalaze brojna rje\u0161enja za luksuzne privatne i poslovne objekte upravo u proizvodnji Skelin Monta. Staklene fasade, moderna i efikasna rje\u0161enja iz Skelin Monta uspijevaju zadovoljiti upravo takvu potra\u017enju. KOMARNICI FASADNI SISTEMI","og_url":"https:\/\/skelin-mont.com\/en\/proizvodi\/ostali-proizvodi\/","og_site_name":"SkelinMont","article_publisher":"https:\/\/www.facebook.com\/skelinmont\/","article_modified_time":"2023-06-02T23:36:44+00:00","og_image":[{"url":"https:\/\/skelin-mont.com\/wp-content\/uploads\/2023\/05\/komarnici-1-400x314-1.jpg","type":"","width":"","height":""}],"twitter_card":"summary_large_image","twitter_misc":{"Est. reading time":"1 minute"},"schema":{"@context":"https:\/\/schema.org","@graph":[{"@type":"WebPage","@id":"https:\/\/skelin-mont.com\/proizvodi\/ostali-proizvodi\/","url":"https:\/\/skelin-mont.com\/proizvodi\/ostali-proizvodi\/","name":"Ostali proizvodi - SkelinMont","isPartOf":{"@id":"https:\/\/skelin-mont.com\/#website"},"primaryImageOfPage":{"@id":"https:\/\/skelin-mont.com\/proizvodi\/ostali-proizvodi\/#primaryimage"},"image":{"@id":"https:\/\/skelin-mont.com\/proizvodi\/ostali-proizvodi\/#primaryimage"},"thumbnailUrl":"https:\/\/skelin-mont.com\/wp-content\/uploads\/2023\/05\/komarnici-1-400x314-1.jpg","datePublished":"2023-05-15T07:46:26+00:00","dateModified":"2023-06-02T23:36:44+00:00","breadcrumb":{"@id":"https:\/\/skelin-mont.com\/proizvodi\/ostali-proizvodi\/#breadcrumb"},"inLanguage":"en-US","potentialAction":[{"@type":"ReadAction","target":["https:\/\/skelin-mont.com\/proizvodi\/ostali-proizvodi\/"]}]},{"@type":"ImageObject","inLanguage":"en-US","@id":"https:\/\/skelin-mont.com\/proizvodi\/ostali-proizvodi\/#primaryimage","url":"https:\/\/skelin-mont.com\/wp-content\/uploads\/2023\/05\/komarnici-1-400x314-1.jpg","contentUrl":"https:\/\/skelin-mont.com\/wp-content\/uploads\/2023\/05\/komarnici-1-400x314-1.jpg"},{"@type":"BreadcrumbList","@id":"https:\/\/skelin-mont.com\/proizvodi\/ostali-proizvodi\/#breadcrumb","itemListElement":[{"@type":"ListItem","position":1,"name":"Po\u010detna stranica","item":"https:\/\/skelin-mont.com\/"},{"@type":"ListItem","position":2,"name":"Proizvodi","item":"https:\/\/skelin-mont.com\/proizvodi\/"},{"@type":"ListItem","position":3,"name":"Ostali proizvodi"}]},{"@type":"WebSite","@id":"https:\/\/skelin-mont.com\/#website","url":"https:\/\/skelin-mont.com\/","name":"SkelinMont","description":"","publisher":{"@id":"https:\/\/skelin-mont.com\/#organization"},"potentialAction":[{"@type":"SearchAction","target":{"@type":"EntryPoint","urlTemplate":"https:\/\/skelin-mont.com\/?s={search_term_string}"},"query-input":{"@type":"PropertyValueSpecification","valueRequired":true,"valueName":"search_term_string"}}],"inLanguage":"en-US"},{"@type":"Organization","@id":"https:\/\/skelin-mont.com\/#organization","name":"Skelin Mont","url":"https:\/\/skelin-mont.com\/","logo":{"@type":"ImageObject","inLanguage":"en-US","@id":"https:\/\/skelin-mont.com\/#\/schema\/logo\/image\/","url":"https:\/\/skelin-mont.com\/wp-content\/uploads\/2023\/03\/SkelinMont.png","contentUrl":"https:\/\/skelin-mont.com\/wp-content\/uploads\/2023\/03\/SkelinMont.png","width":300,"height":79,"caption":"Skelin Mont"},"image":{"@id":"https:\/\/skelin-mont.com\/#\/schema\/logo\/image\/"},"sameAs":["https:\/\/www.facebook.com\/skelinmont\/","https:\/\/www.instagram.com\/skelinmont\/","https:\/\/www.linkedin.com\/company\/skelin-mont\/"]}]}},"_links":{"self":[{"href":"https:\/\/skelin-mont.com\/en\/wp-json\/wp\/v2\/pages\/1696","targetHints":{"allow":["GET"]}}],"collection":[{"href":"https:\/\/skelin-mont.com\/en\/wp-json\/wp\/v2\/pages"}],"about":[{"href":"https:\/\/skelin-mont.com\/en\/wp-json\/wp\/v2\/types\/page"}],"author":[{"embeddable":true,"href":"https:\/\/skelin-mont.com\/en\/wp-json\/wp\/v2\/users\/1"}],"replies":[{"embeddable":true,"href":"https:\/\/skelin-mont.com\/en\/wp-json\/wp\/v2\/comments?post=1696"}],"version-history":[{"count":25,"href":"https:\/\/skelin-mont.com\/en\/wp-json\/wp\/v2\/pages\/1696\/revisions"}],"predecessor-version":[{"id":1794,"href":"https:\/\/skelin-mont.com\/en\/wp-json\/wp\/v2\/pages\/1696\/revisions\/1794"}],"up":[{"embeddable":true,"href":"https:\/\/skelin-mont.com\/en\/wp-json\/wp\/v2\/pages\/1101"}],"wp:attachment":[{"href":"https:\/\/skelin-mont.com\/en\/wp-json\/wp\/v2\/media?parent=1696"}],"curies":[{"name":"wp","href":"https:\/\/api.w.org\/{rel}","templated":true}]}}